{"id":80,"date":"2011-05-30T10:40:24","date_gmt":"2011-05-30T08:40:24","guid":{"rendered":"http:\/\/escuelasanitaria.educacion.navarra.es\/web\/?page_id=80"},"modified":"2019-10-08T12:45:56","modified_gmt":"2019-10-08T10:45:56","slug":"formacion-online","status":"publish","type":"page","link":"https:\/\/escuelasanitaria.educacion.navarra.es\/web1\/oferta-formativa\/formacion-online\/","title":{"rendered":"Formaci\u00f3n online"},"content":{"rendered":"<p><img decoding=\"async\" title=\"On-line\" src=\"\/web1\/wp-content\/uploads\/2019\/09\/emergencias-sanitarias.jpg\" alt=\"Formaci\u00f3n online\"><\/p>\n<h3><strong><span style=\"color: #ce112b;\">T\u00e9cnico de Grado Medio en Emergencias Sanitarias<\/span><\/strong><\/h3>\n<p>Ciclo formativo de Grado Medio \u201cT\u00e9cnico en Emergencias Sanitarias\u201d<\/p>\n<p>Familia Profesional:<strong> Sanidad<\/strong><br \/>\nDuraci\u00f3n:<strong> 2000 horas<\/strong><br \/>\nModalidad: <strong>Presencial<\/strong><br \/>\n<a href=\"https:\/\/www.navarra.es\/home_es\/Actualidad\/BON\/Boletines\/2009\/103\/Anuncio-0\/\" target=\"_blank\" rel=\"noopener noreferrer\">Descarga Curr\u00edculo Completo<\/a><\/p>\n<h3><strong><span style=\"color: #ce112b;\">Competencia general<\/span><\/strong><\/h3>\n<p>Trasladar al paciente al centro sanitario, prestar atenci\u00f3n b\u00e1sica sanitaria y psicol\u00f3gica en el entorno pre-hospitalario, llevar a cabo actividades de tele operaci\u00f3n y tele asistencia sanitaria, y colaborar en la organizaci\u00f3n y desarrollo de los planes de emergencia, de los dispositivos de riesgo previsibles y de la log\u00edstica sanitaria ante una emergencia individual, colectiva o cat\u00e1strofe. Al terminar este ciclo formativo se adquiere la cualificaci\u00f3n para desarrollar las siguientes actividades profesionales:<\/p>\n<p><strong>SAN025-2\u201d: Transporte Sanitario<\/strong>, que comprende las siguientes unidades de competencia:<\/p>\n<ul>\n<li>Mantener preventivamente el veh\u00edculo sanitario y controlar la dotaci\u00f3n material del mismo.<\/li>\n<li>Prestar al paciente soporte vital b\u00e1sico y apoyo al soporte vital avanzado.<\/li>\n<li>Trasladar al paciente al centro sanitario \u00fatil.<\/li>\n<li>Aplicar t\u00e9cnicas de apoyo psicol\u00f3gico y social en situaciones de crisis.<\/li>\n<\/ul>\n<p><strong>SAN122-2\u201d: Atenci\u00f3n Sanitaria a M\u00faltiples V\u00edctimas y Cat\u00e1strofes, <\/strong>, que comprende las siguientes unidades de competencia:<\/p>\n<ul>\n<li>Colaborar en la organizaci\u00f3n y el desarrollo de la log\u00edstica sanitaria en escenarios con m\u00faltiples v\u00edctimas y cat\u00e1strofes, asegurando el abastecimiento y la gesti\u00f3n de recursos y apoyando las labores de coordinaci\u00f3n en situaciones de crisis.<\/li>\n<li>Prestar atenci\u00f3n sanitaria inicial a m\u00faltiples v\u00edctimas.<\/li>\n<li>Colaborar en la preparaci\u00f3n y en la ejecuci\u00f3n de planes de emergencias y de dispositivos de riesgo previsible.<\/li>\n<li>Aplicar t\u00e9cnicas de apoyo psicol\u00f3gico y social en situaciones de crisis.<\/li>\n<\/ul>\n<div class=\"tablaRes\">\n<div class=\"fila\">\n<div class=\"colcabecera\">C\u00f3digo<\/div>\n<div class=\"colcabecera\">Denominaci\u00f3n<\/div>\n<div class=\"colcabecera\">Horas totales<\/div>\n<\/div>\n<div class=\"fila\">\n<div class=\"col\">&nbsp;<\/div>\n<div class=\"col\"><strong>PRIMER CURSO<\/strong><\/div>\n<div class=\"col\">&nbsp;<\/div>\n<\/div>\n<div class=\"fila\">\n<div class=\"col\"><strong>0052.<\/strong><\/div>\n<div class=\"col\">Mantenimiento mec\u00e1nico preventivo del veh\u00edculo<\/div>\n<div class=\"col\">100<\/div>\n<\/div>\n<div class=\"fila\">\n<div class=\"col\"><strong>0054.<\/strong><\/div>\n<div class=\"col\">Dotaci\u00f3n sanitaria<\/div>\n<div class=\"col\">100<\/div>\n<\/div>\n<div class=\"fila\">\n<div class=\"col\"><strong>0055.<\/strong><\/div>\n<div class=\"col\">Atenci\u00f3n sanitaria inicial en situaciones de emergencia<\/div>\n<div class=\"col\">200<\/div>\n<\/div>\n<div class=\"fila\">\n<div class=\"col\"><strong>0057.<\/strong><\/div>\n<div class=\"col\">Evacuaci\u00f3n y traslado de pacientes<\/div>\n<div class=\"col\">260<\/div>\n<\/div>\n<div class=\"fila\">\n<div class=\"col\"><strong>0058.<\/strong><\/div>\n<div class=\"col\">Apoyo psicol\u00f3gico en situaciones de emergencia<\/div>\n<div class=\"col\">120<\/div>\n<\/div>\n<div class=\"fila\">\n<div class=\"col\"><strong>0061.<\/strong><\/div>\n<div class=\"col\">Anatomofisiolog\u00eda y patolog\u00eda b\u00e1sicas<\/div>\n<div class=\"col\">120<\/div>\n<\/div>\n<div class=\"fila\">\n<div class=\"col\"><strong>0063.<\/strong><\/div>\n<div class=\"col\">Empresa e iniciativa emprendedora<\/div>\n<div class=\"col\">60<\/div>\n<\/div>\n<div class=\"fila\">\n<div class=\"col\">&nbsp;<\/div>\n<div class=\"col\"><strong>SEGUNDO CURSO<\/strong><\/div>\n<div class=\"col\">&nbsp;<\/div>\n<\/div>\n<div class=\"fila\">\n<div class=\"col\"><strong>0056.<\/strong><\/div>\n<div class=\"col\">Atenci\u00f3n sanitaria especial en situaciones de emergencia<\/div>\n<div class=\"col\">220<\/div>\n<\/div>\n<div class=\"fila\">\n<div class=\"col\"><strong>0053.<\/strong><\/div>\n<div class=\"col\">Log\u00edstica sanitaria en emergencias<\/div>\n<div class=\"col\">180<\/div>\n<\/div>\n<div class=\"fila\">\n<div class=\"col\"><strong>0059.<\/strong><\/div>\n<div class=\"col\">Planes de emergencia y dispositivos de riesgos previsibles<\/div>\n<div class=\"col\">110<\/div>\n<\/div>\n<div class=\"fila\">\n<div class=\"col\"><strong>0060.<\/strong><\/div>\n<div class=\"col\">Tele emergencia<\/div>\n<div class=\"col\">70<\/div>\n<\/div>\n<div class=\"fila\">\n<div class=\"col\"><strong>0062.<\/strong><\/div>\n<div class=\"col\">Formaci\u00f3n y orientaci\u00f3n laboral<\/div>\n<div class=\"col\">90<\/div>\n<\/div>\n<div class=\"fila\">\n<div class=\"col\"><strong>0064.<\/strong><\/div>\n<div class=\"col\">Formaci\u00f3n en centros de trabajo<\/div>\n<div class=\"col\">370<\/div>\n<\/div>\n<\/div>\n","protected":false},"excerpt":{"rendered":"<p>T\u00e9cnico de Grado Medio en Emergencias Sanitarias Ciclo formativo de Grado Medio \u201cT\u00e9cnico en Emergencias Sanitarias\u201d Familia Profesional: Sanidad Duraci\u00f3n: 2000 horas Modalidad: Presencial Descarga Curr\u00edculo Completo Competencia general Trasladar al paciente al centro sanitario, prestar atenci\u00f3n b\u00e1sica sanitaria y psicol\u00f3gica en el entorno pre-hospitalario, llevar a cabo actividades de tele operaci\u00f3n y tele asistencia [&hellip;]<\/p>\n","protected":false},"author":1,"featured_media":0,"parent":13,"menu_order":5,"comment_status":"open","ping_status":"open","template":"","meta":{"_genesis_hide_title":false,"_genesis_hide_breadcrumbs":false,"_genesis_hide_singular_image":false,"_genesis_hide_footer_widgets":false,"_genesis_custom_body_class":"","_genesis_custom_post_class":"","_genesis_layout":"","footnotes":""},"_links":{"self":[{"href":"https:\/\/escuelasanitaria.educacion.navarra.es\/web1\/wp-json\/wp\/v2\/pages\/80"}],"collection":[{"href":"https:\/\/escuelasanitaria.educacion.navarra.es\/web1\/wp-json\/wp\/v2\/pages"}],"about":[{"href":"https:\/\/escuelasanitaria.educacion.navarra.es\/web1\/wp-json\/wp\/v2\/types\/page"}],"author":[{"embeddable":true,"href":"https:\/\/escuelasanitaria.educacion.navarra.es\/web1\/wp-json\/wp\/v2\/users\/1"}],"replies":[{"embeddable":true,"href":"https:\/\/escuelasanitaria.educacion.navarra.es\/web1\/wp-json\/wp\/v2\/comments?post=80"}],"version-history":[{"count":4,"href":"https:\/\/escuelasanitaria.educacion.navarra.es\/web1\/wp-json\/wp\/v2\/pages\/80\/revisions"}],"predecessor-version":[{"id":3913,"href":"https:\/\/escuelasanitaria.educacion.navarra.es\/web1\/wp-json\/wp\/v2\/pages\/80\/revisions\/3913"}],"up":[{"embeddable":true,"href":"https:\/\/escuelasanitaria.educacion.navarra.es\/web1\/wp-json\/wp\/v2\/pages\/13"}],"wp:attachment":[{"href":"https:\/\/escuelasanitaria.educacion.navarra.es\/web1\/wp-json\/wp\/v2\/media?parent=80"}],"curies":[{"name":"wp","href":"https:\/\/api.w.org\/{rel}","templated":true}]}}