{"id":7720,"date":"2022-04-07T10:27:12","date_gmt":"2022-04-07T08:27:12","guid":{"rendered":"https:\/\/escuelasanitaria.educacion.navarra.es\/web1\/?page_id=7720"},"modified":"2026-04-21T12:50:08","modified_gmt":"2026-04-21T10:50:08","slug":"pruebas-libres","status":"publish","type":"page","link":"https:\/\/escuelasanitaria.educacion.navarra.es\/web1\/secretaria-4\/pruebas-libres\/","title":{"rendered":"Pruebas Libres"},"content":{"rendered":"\t\t<div data-elementor-type=\"wp-page\" data-elementor-id=\"7720\" class=\"elementor elementor-7720\" data-elementor-post-type=\"page\">\n\t\t\t\t\t\t\t\t\t<section class=\"elementor-section elementor-top-section elementor-element elementor-element-69d2688 elementor-section-full_width elementor-section-height-default elementor-section-height-default\" data-id=\"69d2688\" data-element_type=\"section\">\n\t\t\t\t\t\t<div class=\"elementor-container elementor-column-gap-default\">\n\t\t\t\t\t<div class=\"elementor-column elementor-col-50 elementor-top-column elementor-element elementor-element-618153e\" data-id=\"618153e\" data-element_type=\"column\">\n\t\t\t<div class=\"elementor-widget-wrap elementor-element-populated\">\n\t\t\t\t\t\t\t\t<div class=\"elementor-element elementor-element-a9b314d elementor-widget elementor-widget-text-editor\" data-id=\"a9b314d\" data-element_type=\"widget\" data-widget_type=\"text-editor.default\">\n\t\t\t\t<div class=\"elementor-widget-container\">\n\t\t\t\t\t\t\t<h3><strong>Ciclos de Grado Medio<\/strong><\/h3>\n<p><br>Emergencias Sanitarias<\/p>\t\t\t\t\t\t<\/div>\n\t\t\t\t<\/div>\n\t\t\t\t\t<\/div>\n\t\t<\/div>\n\t\t\t\t<div class=\"elementor-column elementor-col-50 elementor-top-column elementor-element elementor-element-d79dd1b\" data-id=\"d79dd1b\" data-element_type=\"column\">\n\t\t\t<div class=\"elementor-widget-wrap elementor-element-populated\">\n\t\t\t\t\t\t\t\t<div class=\"elementor-element elementor-element-63c64d2 elementor-widget elementor-widget-text-editor\" data-id=\"63c64d2\" data-element_type=\"widget\" data-widget_type=\"text-editor.default\">\n\t\t\t\t<div class=\"elementor-widget-container\">\n\t\t\t\t\t\t\t<h4>Inscripci\u00f3n<\/h4>\n<a href=\"https:\/\/www.navarra.es\/es\/tramites\/on\/-\/line\/Pruebas-libres-para-la-obtencion-de-titulos-de-Formacion-Profesional\" target=\"_blank\" rel=\"noopener\">Informaci\u00f3n inscripci\u00f3n<\/a><br>\n\n<h4>Publicaci\u00f3n de listas<\/h4>\nListado definitivo de personas admitidas y excluidas<br>\n<a href=\"https:\/\/escuelasanitaria.educacion.navarra.es\/web1\/wp-content\/uploads\/2026\/04\/20260413_Listado-definitivo-EME-PAnt-ESTNA-plan-antiguo.pdf\" target=\"_blank\" rel=\"noopener\">Plan Antiguo<\/a><br>\n<a href=\"https:\/\/escuelasanitaria.educacion.navarra.es\/web1\/wp-content\/uploads\/2026\/04\/20260413_Listado-definitivo-EME-PNuevo-ESTNA-plan-nuevo-1.pdf\" target=\"_blank\" rel=\"noopener\">Plan Nuevo<\/a><br>\n\n<h4>Matr\u00edcula<\/h4>\n<a href=\"https:\/\/escuelasanitaria.educacion.navarra.es\/web1\/wp-content\/uploads\/2026\/04\/Instrucciones-Matricula-Pruebas-libres-2025-2026-1.pdf\" target=\"_blank\" rel=\"noopener\">Instrucciones de matr\u00edcula<\/a><br>\n<a href=\"https:\/\/escuelasanitaria.educacion.navarra.es\/web1\/wp-content\/uploads\/2026\/04\/DC0052-Impreso-matricula-pruebas-libres-ES-1.pdf\" target=\"_blank\" rel=\"noopener\">Descarga de documento de matr\u00edcula<\/a><br>\n\n<h4>Sesi\u00f3n Informativa<\/h4>\nJueves 30 Abril 12:30h Aula 105 Edificio 2<br>\n<a href=\"https:\/\/escuelasanitaria.educacion.navarra.es\/web1\/wp-content\/uploads\/2026\/04\/Documento-sesion-informativa-libres-ES-2526.pdf\" target=\"_blank\" rel=\"noopener\">Documento sesi\u00f3n informativa<\/a><br>\n<a href=\"https:\/\/www.navarra.es\/documents\/48192\/6701165\/2026.Calendario+ex%C3%A1menes+Pruebas+Libres.pdf\/d7b173fd-6f16-b255-69c6-6678646f21b2?t=1775634840936\" target=\"_blank\" rel=\"noopener\">Calendario de las pruebas<\/a><br>\n\n<h4>Calificaciones provisionales<\/h4>\nAPB<br>\nAPSE<br>\nASESE ( PARTE A ) ( PARTE B )<br>\nASISE ( PARTE A ) ( PARTE B )<br>\nDS<br>\nEIE<br>\nETP<br>\nFOL<br>\nLSE<br>\nMMPV<br>\nPEDRP<br>\nTELE<br>\n\n<h4>Calificaciones definitivas<\/h4>\nAPB<br>\nAPSE<br>\nASESE ( PARTE A ) ( PARTE B )<br>\nASISE ( PARTE A ) ( PARTE B )<br>\nDS<br>\nEIE<br>\nETP<br>\nFOL<br>\nLSE<br>\nMMPV<br>\nPEDRP<br>\nTELE\t\t\t\t\t\t<\/div>\n\t\t\t\t<\/div>\n\t\t\t\t\t<\/div>\n\t\t<\/div>\n\t\t\t\t\t\t\t<\/div>\n\t\t<\/section>\n\t\t\t\t\t\t\t<\/div>\n\t\t","protected":false},"excerpt":{"rendered":"<p>Ciclos de Grado Medio Emergencias Sanitarias Inscripci\u00f3n Informaci\u00f3n inscripci\u00f3n Publicaci\u00f3n de listas Listado definitivo de personas admitidas y excluidas Plan Antiguo Plan Nuevo Matr\u00edcula Instrucciones de matr\u00edcula Descarga de documento de matr\u00edcula Sesi\u00f3n Informativa Jueves 30 Abril 12:30h Aula 105 Edificio 2 Documento sesi\u00f3n informativa Calendario de las pruebas Calificaciones provisionales APB APSE ASESE ( [&hellip;]<\/p>\n","protected":false},"author":3,"featured_media":0,"parent":14,"menu_order":1,"comment_status":"open","ping_status":"closed","template":"","meta":{"_genesis_hide_title":false,"_genesis_hide_breadcrumbs":false,"_genesis_hide_singular_image":false,"_genesis_hide_footer_widgets":false,"_genesis_custom_body_class":"","_genesis_custom_post_class":"","_genesis_layout":"full-width-content","footnotes":""},"_links":{"self":[{"href":"https:\/\/escuelasanitaria.educacion.navarra.es\/web1\/wp-json\/wp\/v2\/pages\/7720"}],"collection":[{"href":"https:\/\/escuelasanitaria.educacion.navarra.es\/web1\/wp-json\/wp\/v2\/pages"}],"about":[{"href":"https:\/\/escuelasanitaria.educacion.navarra.es\/web1\/wp-json\/wp\/v2\/types\/page"}],"author":[{"embeddable":true,"href":"https:\/\/escuelasanitaria.educacion.navarra.es\/web1\/wp-json\/wp\/v2\/users\/3"}],"replies":[{"embeddable":true,"href":"https:\/\/escuelasanitaria.educacion.navarra.es\/web1\/wp-json\/wp\/v2\/comments?post=7720"}],"version-history":[{"count":268,"href":"https:\/\/escuelasanitaria.educacion.navarra.es\/web1\/wp-json\/wp\/v2\/pages\/7720\/revisions"}],"predecessor-version":[{"id":12931,"href":"https:\/\/escuelasanitaria.educacion.navarra.es\/web1\/wp-json\/wp\/v2\/pages\/7720\/revisions\/12931"}],"up":[{"embeddable":true,"href":"https:\/\/escuelasanitaria.educacion.navarra.es\/web1\/wp-json\/wp\/v2\/pages\/14"}],"wp:attachment":[{"href":"https:\/\/escuelasanitaria.educacion.navarra.es\/web1\/wp-json\/wp\/v2\/media?parent=7720"}],"curies":[{"name":"wp","href":"https:\/\/api.w.org\/{rel}","templated":true}]}}