{"id":7677,"date":"2022-04-07T09:31:14","date_gmt":"2022-04-07T07:31:14","guid":{"rendered":"https:\/\/escuelasanitaria.educacion.navarra.es\/web1\/?page_id=7677"},"modified":"2026-04-16T11:20:53","modified_gmt":"2026-04-16T09:20:53","slug":"secretaria","status":"publish","type":"page","link":"https:\/\/escuelasanitaria.educacion.navarra.es\/web1\/secretaria\/","title":{"rendered":"SECRETAR\u00cdA"},"content":{"rendered":"\t\t<div data-elementor-type=\"wp-page\" data-elementor-id=\"7677\" class=\"elementor elementor-7677\" data-elementor-post-type=\"page\">\n\t\t\t\t\t\t\t\t\t<section class=\"elementor-section elementor-top-section elementor-element elementor-element-ffbd583 elementor-section-boxed elementor-section-height-default elementor-section-height-default\" data-id=\"ffbd583\" data-element_type=\"section\">\n\t\t\t\t\t\t<div class=\"elementor-container elementor-column-gap-default\">\n\t\t\t\t\t<div class=\"elementor-column elementor-col-100 elementor-top-column elementor-element elementor-element-225598e\" data-id=\"225598e\" data-element_type=\"column\">\n\t\t\t<div class=\"elementor-widget-wrap\">\n\t\t\t\t\t\t\t\t\t<\/div>\n\t\t<\/div>\n\t\t\t\t\t\t\t<\/div>\n\t\t<\/section>\n\t\t\t\t<section class=\"elementor-section elementor-top-section elementor-element elementor-element-2b67f415 elementor-section-boxed elementor-section-height-default elementor-section-height-default\" data-id=\"2b67f415\" data-element_type=\"section\">\n\t\t\t\t\t\t<div class=\"elementor-container elementor-column-gap-default\">\n\t\t\t\t\t<div class=\"elementor-column elementor-col-100 elementor-top-column elementor-element elementor-element-69617d78\" data-id=\"69617d78\" data-element_type=\"column\">\n\t\t\t<div class=\"elementor-widget-wrap elementor-element-populated\">\n\t\t\t\t\t\t\t\t<div class=\"elementor-element elementor-element-18a2d890 elementor-widget elementor-widget-text-editor\" data-id=\"18a2d890\" data-element_type=\"widget\" data-widget_type=\"text-editor.default\">\n\t\t\t\t<div class=\"elementor-widget-container\">\n\t\t\t\t\t\t\t<!-- wp:html -->\n<p><strong style=\"color: #ce112b; font-family: Raleway, sans-serif; font-size: 24px;\">Inscripci\u00f3n y matr\u00edcula<\/strong><\/p>\n<div class=\"wp-block-columns has-2-columns\">\n<div class=\"wp-block-column\">\n<ul>\n<li><a href=\"https:\/\/escuelasanitaria.educacion.navarra.es\/web1\/secretaria\/modalidad-presencial\/\">Modalidad Presencial<\/a><\/li>\n<li><a href=\"https:\/\/escuelasanitaria.educacion.navarra.es\/web1\/secretaria\/modalidad-semipresencial\/\">Modalidad Semipresencial<\/a><\/li>\n<li><a href=\"https:\/\/escuelasanitaria.educacion.navarra.es\/web1\/secretaria\/modalidad-a-distancia-online\/\">Modalidad a distancia online<\/a><\/li>\n<li><a href=\"https:\/\/escuelasanitaria.educacion.navarra.es\/web1\/secretaria\/pruebas-libres\/\">Pruebas libres<\/a><\/li>\n<li><a href=\"https:\/\/escuelasanitaria.educacion.navarra.es\/web1\/secretaria-4\/cursos-de-especializacion\/\" target=\"_blank\" rel=\"noopener\">Cursos de Especializaci\u00f3n<\/a><\/li>\n<li><a href=\"https:\/\/escuelasanitaria.educacion.navarra.es\/web1\/secretaria\/pruebas-de-acceso-a-ciclos-de-grado-medio-y-grado-superior\/\">Pruebas de Acceso a ciclos de Grado Medio y Superior<\/a><\/li>\n<\/ul>\n<!-- \/wp:html --><!-- wp:paragraph --><\/div>\n<!-- \/wp:column --><\/div>\n<!-- \/wp:columns -->\t\t\t\t\t\t<\/div>\n\t\t\t\t<\/div>\n\t\t\t\t<div class=\"elementor-element elementor-element-2f654ed elementor-widget elementor-widget-text-editor\" data-id=\"2f654ed\" data-element_type=\"widget\" data-widget_type=\"text-editor.default\">\n\t\t\t\t<div class=\"elementor-widget-container\">\n\t\t\t\t\t\t\t<p id=\"reserva\"><strong style=\"color: #ce112b; font-family: Raleway, sans-serif; font-size: 24px;\">Reserva tu cita presencial<\/strong><\/p>\n\t\t\t\t\t\t<\/div>\n\t\t\t\t<\/div>\n\t\t\t\t<div class=\"elementor-element elementor-element-66cea05 elementor-widget elementor-widget-shortcode\" data-id=\"66cea05\" data-element_type=\"widget\" data-widget_type=\"shortcode.default\">\n\t\t\t\t<div class=\"elementor-widget-container\">\n\t\t\t\t\t<div class=\"elementor-shortcode\"><iframe src=\"https:\/\/escuelasanitaria.educacion.navarra.es\/web1\/wp-json\/ssa\/v1\/embed-inner?integration&type=secretaria&label&types=1&edit&view&payment_provider&ssa_locale=es_ES&sid=639f311bb8f24a8771030a1d1cfecdd6b5eefbe1&availability_start_date&availability_end_date&suggest_first_available&suggest_first_available_within_minutes&flow&fallback_flow&time_view&date_view&appointment_types_view&version&accent_color&background&padding&font&booking_url=https%3A%2F%2Fescuelasanitaria.educacion.navarra.es%2Fweb1%2Fsecretaria%2F&booking_post_id=7677&booking_title=SECRETAR%C3%8DA&_wpnonce=24cc9e34ac&redirect_post_id#\/\" height=\"400px\" width=\"100%\" name=\"ssa_booking\" loading=\"eager\" frameborder=\"0\" data-skip-lazy=\"1\" class=\"ssa_booking_iframe skip-lazy\" title=\"Reservar una hora\"><\/iframe>\n<iframe src=\"https:\/\/escuelasanitaria.educacion.navarra.es\/web1\/wp-json\/ssa\/v1\/embed-inner?integration&type=inscripciones-tarde&label&types=3&edit&view&payment_provider&ssa_locale=es_ES&sid=639f311bb8f24a8771030a1d1cfecdd6b5eefbe1&availability_start_date&availability_end_date&suggest_first_available&suggest_first_available_within_minutes&flow&fallback_flow&time_view&date_view&appointment_types_view&version&accent_color&background&padding&font&booking_url=https%3A%2F%2Fescuelasanitaria.educacion.navarra.es%2Fweb1%2Fsecretaria%2F&booking_post_id=7677&booking_title=SECRETAR%C3%8DA&_wpnonce=24cc9e34ac&redirect_post_id#\/\" height=\"400px\" width=\"100%\" name=\"ssa_booking\" loading=\"eager\" frameborder=\"0\" data-skip-lazy=\"1\" class=\"ssa_booking_iframe skip-lazy\" title=\"Reservar una hora\"><\/iframe>\n<\/div>\n\t\t\t\t<\/div>\n\t\t\t\t<\/div>\n\t\t\t\t\t<\/div>\n\t\t<\/div>\n\t\t\t\t\t\t\t<\/div>\n\t\t<\/section>\n\t\t\t\t\t\t\t<\/div>\n\t\t","protected":false},"excerpt":{"rendered":"<p>Inscripci\u00f3n y matr\u00edcula Modalidad Presencial Modalidad Semipresencial Modalidad a distancia online Pruebas libres Cursos de Especializaci\u00f3n Pruebas de Acceso a ciclos de Grado Medio y Superior Reserva tu cita presencial<\/p>\n","protected":false},"author":3,"featured_media":0,"parent":0,"menu_order":0,"comment_status":"closed","ping_status":"closed","template":"","meta":{"_genesis_hide_title":false,"_genesis_hide_breadcrumbs":false,"_genesis_hide_singular_image":false,"_genesis_hide_footer_widgets":false,"_genesis_custom_body_class":"","_genesis_custom_post_class":"","_genesis_layout":"","footnotes":""},"_links":{"self":[{"href":"https:\/\/escuelasanitaria.educacion.navarra.es\/web1\/wp-json\/wp\/v2\/pages\/7677"}],"collection":[{"href":"https:\/\/escuelasanitaria.educacion.navarra.es\/web1\/wp-json\/wp\/v2\/pages"}],"about":[{"href":"https:\/\/escuelasanitaria.educacion.navarra.es\/web1\/wp-json\/wp\/v2\/types\/page"}],"author":[{"embeddable":true,"href":"https:\/\/escuelasanitaria.educacion.navarra.es\/web1\/wp-json\/wp\/v2\/users\/3"}],"replies":[{"embeddable":true,"href":"https:\/\/escuelasanitaria.educacion.navarra.es\/web1\/wp-json\/wp\/v2\/comments?post=7677"}],"version-history":[{"count":72,"href":"https:\/\/escuelasanitaria.educacion.navarra.es\/web1\/wp-json\/wp\/v2\/pages\/7677\/revisions"}],"predecessor-version":[{"id":12906,"href":"https:\/\/escuelasanitaria.educacion.navarra.es\/web1\/wp-json\/wp\/v2\/pages\/7677\/revisions\/12906"}],"wp:attachment":[{"href":"https:\/\/escuelasanitaria.educacion.navarra.es\/web1\/wp-json\/wp\/v2\/media?parent=7677"}],"curies":[{"name":"wp","href":"https:\/\/api.w.org\/{rel}","templated":true}]}}