{"id":7309,"date":"2022-02-21T10:34:40","date_gmt":"2022-02-21T09:34:40","guid":{"rendered":"https:\/\/escuelasanitaria.educacion.navarra.es\/web1\/?page_id=7309"},"modified":"2025-09-16T13:57:13","modified_gmt":"2025-09-16T11:57:13","slug":"emergencias-sanitarias-online","status":"publish","type":"page","link":"https:\/\/escuelasanitaria.educacion.navarra.es\/web1\/oferta-formativa\/presencial\/emergencias-sanitarias-online\/","title":{"rendered":"Emergencias sanitarias online (plan a extinguir)"},"content":{"rendered":"\t\t<div data-elementor-type=\"wp-page\" data-elementor-id=\"7309\" class=\"elementor elementor-7309\" data-elementor-post-type=\"page\">\n\t\t\t\t\t\t\t\t\t<section class=\"elementor-section elementor-top-section elementor-element elementor-element-2835bd1a elementor-section-boxed elementor-section-height-default elementor-section-height-default\" data-id=\"2835bd1a\" data-element_type=\"section\">\n\t\t\t\t\t\t<div class=\"elementor-container elementor-column-gap-default\">\n\t\t\t\t\t<div class=\"elementor-column elementor-col-100 elementor-top-column elementor-element elementor-element-3d6e06b7\" data-id=\"3d6e06b7\" data-element_type=\"column\">\n\t\t\t<div class=\"elementor-widget-wrap elementor-element-populated\">\n\t\t\t\t\t\t\t\t<div class=\"elementor-element elementor-element-6eb9b61f elementor-widget elementor-widget-text-editor\" data-id=\"6eb9b61f\" data-element_type=\"widget\" data-widget_type=\"text-editor.default\">\n\t\t\t\t<div class=\"elementor-widget-container\">\n\t\t\t\t\t\t\t<img decoding=\"async\" src=\"\/web1\/wp-content\/uploads\/2019\/09\/emergencias-sanitarias.jpg\" alt=\"\" \/>\n<h3><strong><span style=\"color: #ce112b;\">T\u00e9cnico de Grado Medio en Emergencias Sanitarias<\/span><\/strong><\/h3>\nCiclo formativo de Grado Medio \u201cT\u00e9cnico en Emergencias Sanitarias\u201d\n\nFamilia Profesional:<strong> Sanidad<\/strong>\nDuraci\u00f3n:<strong> 2000 horas<\/strong>\nModalidad: <strong>Online<\/strong><br \/>\n<a href=\"https:\/\/www.navarra.es\/home_es\/Actualidad\/BON\/Boletines\/2009\/103\/Anuncio-0\/\" target=\"_blank\" rel=\"noopener noreferrer\">Descarga Curr\u00edculo Completo<\/a><br \/>\n<a href=\"https:\/\/www.educacion.navarra.es\/documents\/27590\/942151\/GM_3_EMERGENCIAS+SANIT+GM_cas.pdf\/2e3bb7bf-74ca-84ee-4206-ca1b838ef27d\" target=\"_blank\" rel=\"noopener noreferrer\">Ver folleto informativo<\/a><br \/>\n<a href=\"https:\/\/www.todofp.es\/que-estudiar\/familias-profesionales\/sanidad\/emergencias-sanitarias.html\" target=\"_blank\" rel=\"noopener noreferrer\">Informaci\u00f3n completa<\/a><br \/>\n<a href=\"https:\/\/escuelasanitaria.educacion.navarra.es\/web1\/oferta-formativa\/presencial\/emergencias-sanitarias\/tecnico-de-grado-medio-en-emergencias-sanitarias\/\">Conocer m\u00e1s<\/a>\n<a href=\"https:\/\/escuelasanitaria.educacion.navarra.es\/web1\/wp-content\/uploads\/2025\/09\/Calendarios-sesiones-presenciales-Lab101-2025-2026.xlsx-ASISE.pdf\" target=\"_blank\" rel=\"noopener\">Calendario Sesiones Presenciales ASISE<\/a><br \/>\n<a href=\"https:\/\/escuelasanitaria.educacion.navarra.es\/web1\/wp-content\/uploads\/2025\/09\/Calendarios-sesiones-presenciales-Lab101-2025-2026.xlsx-ASESE.pdf\">Calendario Sesiones Presenciales ASESE<\/a><br \/>\n<a href=\"https:\/\/escuelasanitaria.educacion.navarra.es\/web1\/wp-content\/uploads\/2025\/09\/Calendarios-sesiones-presenciales-Lab101-2025-2026.xlsx-DS-1.pdf\">Calendario Sesiones Presenciales DS<\/a><br \/>\n<a href=\"https:\/\/escuelasanitaria.educacion.navarra.es\/web1\/wp-content\/uploads\/2025\/09\/Calendarios-sesiones-presenciales-Lab101-2025-2026.xlsx-ETP.pdf\">Calendario Sesiones Presenciales ETP<\/a>\n<h3><strong><span style=\"color: #ce112b;\">Competencia general<\/span><\/strong><\/h3>\nTrasladar al paciente al centro sanitario, prestar atenci\u00f3n b\u00e1sica sanitaria y psicol\u00f3gica en el entorno pre-hospitalario, llevar a cabo actividades de tele operaci\u00f3n y tele asistencia sanitaria, y colaborar en la organizaci\u00f3n y desarrollo de los planes de emergencia, de los dispositivos de riesgo previsibles y de la log\u00edstica sanitaria ante una emergencia individual, colectiva o cat\u00e1strofe.\n<div class=\"tablaRes\">\n<div class=\"fila\">\n<div class=\"colcabecera\">M\u00f3dulos del Ciclo<\/div>\n<div class=\"colcabecera\">Horas semanales<\/div>\n<div class=\"colcabecera\">Horas totales<\/div>\n<\/div>\n<div class=\"fila\">\n<div class=\"col\"><strong>0052.<\/strong>Mantenimiento mec\u00e1nico preventivo del veh\u00edculo<\/div>\n<div class=\"col\">3<\/div>\n<div class=\"col\">100<\/div>\n<\/div>\n<div class=\"fila\">\n<div class=\"col\"><strong>0054.<\/strong>Dotaci\u00f3n sanitaria<\/div>\n<div class=\"col\">3<\/div>\n<div class=\"col\">100<\/div>\n<\/div>\n<div class=\"fila\">\n<div class=\"col\"><strong>0055.<\/strong>Atenci\u00f3n sanitaria inicial en situaciones de emergencia<\/div>\n<div class=\"col\">6<\/div>\n<div class=\"col\">190<\/div>\n<\/div>\n<div class=\"fila\">\n<div class=\"col\"><strong>0057.<\/strong>Evacuaci\u00f3n y traslado de pacientes<\/div>\n<div class=\"col\">7<\/div>\n<div class=\"col\">230<\/div>\n<\/div>\n<div class=\"fila\">\n<div class=\"col\"><strong>0058.<\/strong>Apoyo psicol\u00f3gico en situaciones de emergencia<\/div>\n<div class=\"col\">4<\/div>\n<div class=\"col\">120<\/div>\n<\/div>\n<div class=\"fila\">\n<div class=\"col\"><strong>0061.<\/strong>Anatomofisiolog\u00eda y patolog\u00eda b\u00e1sicas<\/div>\n<div class=\"col\">4<\/div>\n<div class=\"col\">120<\/div>\n<\/div>\n<div class=\"fila\">\n<div class=\"col\"><strong>0062.<\/strong>Formaci\u00f3n y Orientaci\u00f3n laboral<\/div>\n<div class=\"col\">3<\/div>\n<div class=\"col\">100<\/div>\n<\/div>\n<div class=\"fila\">\n<div class=\"col\"><strong>0056.<\/strong>Atenci\u00f3n sanitaria especial en situaciones de emergencia<\/div>\n<div class=\"col\">10<\/div>\n<div class=\"col\">220<\/div>\n<\/div>\n<div class=\"fila\">\n<div class=\"col\"><strong>0053.<\/strong>Log\u00edstica sanitaria en emergencias<\/div>\n<div class=\"col\">8<\/div>\n<div class=\"col\">180<\/div>\n<\/div>\n<div class=\"fila\">\n<div class=\"col\"><strong>0059.<\/strong> Planes de emergencia y dispositivos de riesgos previsibles<\/div>\n<div class=\"col\">6<\/div>\n<div class=\"col\">130<\/div>\n<\/div>\n<div class=\"fila\">\n<div class=\"col\"><strong>0060.<\/strong> Tele emergencia<\/div>\n<div class=\"col\">3<\/div>\n<div class=\"col\">70<\/div>\n<\/div>\n<div class=\"fila\">\n<div class=\"col\"><strong>0063.<\/strong> Empresa e iniciativa emprendedora<\/div>\n<div class=\"col\">3<\/div>\n<div class=\"col\">70<\/div>\n<\/div>\n<div class=\"fila\">\n<div class=\"col\"><strong>0064.<\/strong> Formaci\u00f3n en centros de trabajo<\/div>\n<div class=\"col\">Jornada laboral<\/div>\n<div class=\"col\">370<\/div>\n<\/div>\n<\/div>\t\t\t\t\t\t<\/div>\n\t\t\t\t<\/div>\n\t\t\t\t\t<\/div>\n\t\t<\/div>\n\t\t\t\t\t\t\t<\/div>\n\t\t<\/section>\n\t\t\t\t\t\t\t<\/div>\n\t\t","protected":false},"excerpt":{"rendered":"<p>T\u00e9cnico de Grado Medio en Emergencias Sanitarias Ciclo formativo de Grado Medio \u201cT\u00e9cnico en Emergencias Sanitarias\u201d Familia Profesional: Sanidad Duraci\u00f3n: 2000 horas Modalidad: Online Descarga Curr\u00edculo Completo Ver folleto informativo Informaci\u00f3n completa Conocer m\u00e1s Calendario Sesiones Presenciales ASISE Calendario Sesiones Presenciales ASESE Calendario Sesiones Presenciales DS Calendario Sesiones Presenciales ETP Competencia general Trasladar al paciente [&hellip;]<\/p>\n","protected":false},"author":3,"featured_media":0,"parent":77,"menu_order":3,"comment_status":"closed","ping_status":"closed","template":"","meta":{"_genesis_hide_title":false,"_genesis_hide_breadcrumbs":false,"_genesis_hide_singular_image":false,"_genesis_hide_footer_widgets":false,"_genesis_custom_body_class":"","_genesis_custom_post_class":"","_genesis_layout":"","footnotes":""},"_links":{"self":[{"href":"https:\/\/escuelasanitaria.educacion.navarra.es\/web1\/wp-json\/wp\/v2\/pages\/7309"}],"collection":[{"href":"https:\/\/escuelasanitaria.educacion.navarra.es\/web1\/wp-json\/wp\/v2\/pages"}],"about":[{"href":"https:\/\/escuelasanitaria.educacion.navarra.es\/web1\/wp-json\/wp\/v2\/types\/page"}],"author":[{"embeddable":true,"href":"https:\/\/escuelasanitaria.educacion.navarra.es\/web1\/wp-json\/wp\/v2\/users\/3"}],"replies":[{"embeddable":true,"href":"https:\/\/escuelasanitaria.educacion.navarra.es\/web1\/wp-json\/wp\/v2\/comments?post=7309"}],"version-history":[{"count":60,"href":"https:\/\/escuelasanitaria.educacion.navarra.es\/web1\/wp-json\/wp\/v2\/pages\/7309\/revisions"}],"predecessor-version":[{"id":12473,"href":"https:\/\/escuelasanitaria.educacion.navarra.es\/web1\/wp-json\/wp\/v2\/pages\/7309\/revisions\/12473"}],"up":[{"embeddable":true,"href":"https:\/\/escuelasanitaria.educacion.navarra.es\/web1\/wp-json\/wp\/v2\/pages\/77"}],"wp:attachment":[{"href":"https:\/\/escuelasanitaria.educacion.navarra.es\/web1\/wp-json\/wp\/v2\/media?parent=7309"}],"curies":[{"name":"wp","href":"https:\/\/api.w.org\/{rel}","templated":true}]}}