{"id":4460,"date":"2020-05-03T18:51:43","date_gmt":"2020-05-03T16:51:43","guid":{"rendered":"https:\/\/escuelasanitaria.educacion.navarra.es\/web1\/?page_id=4460"},"modified":"2022-06-28T09:40:02","modified_gmt":"2022-06-28T07:40:02","slug":"tecnico-de-grado-superior-en-laboratorio-clinico-y-biomedico","status":"publish","type":"page","link":"https:\/\/escuelasanitaria.educacion.navarra.es\/web1\/oferta-formativa\/ciclos-formativos-de-grado-superior\/laboratorio-clinico-y-biomedico\/tecnico-de-grado-superior-en-laboratorio-clinico-y-biomedico\/","title":{"rendered":"T\u00e9cnico de grado superior en Laboratorio Cl\u00ednico y Biom\u00e9dico"},"content":{"rendered":"\t\t<div data-elementor-type=\"wp-page\" data-elementor-id=\"4460\" class=\"elementor elementor-4460\" data-elementor-post-type=\"page\">\n\t\t\t\t\t\t\t\t\t<section class=\"elementor-section elementor-top-section elementor-element elementor-element-3091cc2 elementor-section-boxed elementor-section-height-default elementor-section-height-default\" data-id=\"3091cc2\" data-element_type=\"section\">\n\t\t\t\t\t\t<div class=\"elementor-container elementor-column-gap-default\">\n\t\t\t\t\t<div class=\"elementor-column elementor-col-100 elementor-top-column elementor-element elementor-element-a6ebc46\" data-id=\"a6ebc46\" data-element_type=\"column\">\n\t\t\t<div class=\"elementor-widget-wrap elementor-element-populated\">\n\t\t\t\t\t\t\t\t<div class=\"elementor-element elementor-element-6634249 elementor-widget elementor-widget-text-editor\" data-id=\"6634249\" data-element_type=\"widget\" data-widget_type=\"text-editor.default\">\n\t\t\t\t<div class=\"elementor-widget-container\">\n\t\t\t\t\t\t\t<!-- wp:html -->\n<h4><strong><span style=\"color: #ce112b;\">Descubre este ciclo formativo de la mano de una de nuestras profesoras<\/span><\/strong><\/h4>\n<!-- \/wp:html -->\n<p>\n\n<iframe src=\"https:\/\/www.youtube.com\/embed\/-ziMPPRVDEE\" width=\"560\" height=\"315\" frameborder=\"0\" clipboard-write; encrypted-media; gyroscope; picture-in-picture\" allowfullscreen ><\/iframe>\n<\/p>\n\t\t\t\t\t\t<\/div>\n\t\t\t\t<\/div>\n\t\t\t\t\t<\/div>\n\t\t<\/div>\n\t\t\t\t\t\t\t<\/div>\n\t\t<\/section>\n\t\t\t\t<section class=\"elementor-section elementor-top-section elementor-element elementor-element-05d16ac elementor-section-boxed elementor-section-height-default elementor-section-height-default\" data-id=\"05d16ac\" data-element_type=\"section\">\n\t\t\t\t\t\t<div class=\"elementor-container elementor-column-gap-default\">\n\t\t\t\t\t<div class=\"elementor-column elementor-col-100 elementor-top-column elementor-element elementor-element-adfd1e3\" data-id=\"adfd1e3\" data-element_type=\"column\">\n\t\t\t<div class=\"elementor-widget-wrap elementor-element-populated\">\n\t\t\t\t\t\t\t\t<div class=\"elementor-element elementor-element-04b850b elementor-widget elementor-widget-text-editor\" data-id=\"04b850b\" data-element_type=\"widget\" data-widget_type=\"text-editor.default\">\n\t\t\t\t<div class=\"elementor-widget-container\">\n\t\t\t\t\t\t\t<!-- wp:html -->\n<h4 style=\"text-align: center;\"><strong><span style=\"color: #ce112b;\">Aqu\u00ed es donde pasamos una gran parte del tiempo&#8230;<\/span><\/strong><\/h4>\n<!-- \/wp:html -->\t\t\t\t\t\t<\/div>\n\t\t\t\t<\/div>\n\t\t\t\t\t<\/div>\n\t\t<\/div>\n\t\t\t\t\t\t\t<\/div>\n\t\t<\/section>\n\t\t\t\t<section class=\"elementor-section elementor-top-section elementor-element elementor-element-348741b elementor-section-boxed elementor-section-height-default elementor-section-height-default\" data-id=\"348741b\" data-element_type=\"section\">\n\t\t\t\t\t\t<div class=\"elementor-container elementor-column-gap-default\">\n\t\t\t\t\t<div class=\"elementor-column elementor-col-100 elementor-top-column elementor-element elementor-element-6003e4e\" data-id=\"6003e4e\" data-element_type=\"column\">\n\t\t\t<div class=\"elementor-widget-wrap elementor-element-populated\">\n\t\t\t\t\t\t\t\t<div class=\"elementor-element elementor-element-adffd25 elementor-arrows-position-inside elementor-pagination-position-outside elementor-widget elementor-widget-image-carousel\" data-id=\"adffd25\" data-element_type=\"widget\" data-settings=\"{&quot;slides_to_show&quot;:&quot;1&quot;,&quot;navigation&quot;:&quot;both&quot;,&quot;autoplay&quot;:&quot;yes&quot;,&quot;pause_on_hover&quot;:&quot;yes&quot;,&quot;pause_on_interaction&quot;:&quot;yes&quot;,&quot;autoplay_speed&quot;:5000,&quot;infinite&quot;:&quot;yes&quot;,&quot;effect&quot;:&quot;slide&quot;,&quot;speed&quot;:500}\" data-widget_type=\"image-carousel.default\">\n\t\t\t\t<div class=\"elementor-widget-container\">\n\t\t\t\t\t<div class=\"elementor-image-carousel-wrapper swiper-container\" dir=\"ltr\">\n\t\t\t<div class=\"elementor-image-carousel swiper-wrapper\" aria-live=\"off\">\n\t\t\t\t\t\t\t\t<div class=\"swiper-slide\" role=\"group\" aria-roledescription=\"slide\" aria-label=\"1 of 10\"><figure class=\"swiper-slide-inner\"><img decoding=\"async\" class=\"swiper-slide-image\" src=\"https:\/\/escuelasanitaria.educacion.navarra.es\/web1\/wp-content\/uploads\/2020\/05\/Galer\u00eda-06-750x420.jpg\" alt=\"Galer\u00eda 06\" \/><\/figure><\/div><div class=\"swiper-slide\" role=\"group\" aria-roledescription=\"slide\" aria-label=\"2 of 10\"><figure class=\"swiper-slide-inner\"><img decoding=\"async\" class=\"swiper-slide-image\" src=\"https:\/\/escuelasanitaria.educacion.navarra.es\/web1\/wp-content\/uploads\/2020\/05\/08_39-750x420.jpg\" alt=\"08_39\" \/><\/figure><\/div><div class=\"swiper-slide\" role=\"group\" aria-roledescription=\"slide\" aria-label=\"3 of 10\"><figure class=\"swiper-slide-inner\"><img decoding=\"async\" class=\"swiper-slide-image\" src=\"https:\/\/escuelasanitaria.educacion.navarra.es\/web1\/wp-content\/uploads\/2020\/05\/Galer\u00eda-08-750x420.jpg\" alt=\"Galer\u00eda 08\" \/><\/figure><\/div><div class=\"swiper-slide\" role=\"group\" aria-roledescription=\"slide\" aria-label=\"4 of 10\"><figure class=\"swiper-slide-inner\"><img decoding=\"async\" class=\"swiper-slide-image\" src=\"https:\/\/escuelasanitaria.educacion.navarra.es\/web1\/wp-content\/uploads\/2020\/05\/Galer\u00eda-02-750x420.jpg\" alt=\"Galer\u00eda 02\" \/><\/figure><\/div><div class=\"swiper-slide\" role=\"group\" aria-roledescription=\"slide\" aria-label=\"5 of 10\"><figure class=\"swiper-slide-inner\"><img decoding=\"async\" class=\"swiper-slide-image\" src=\"https:\/\/escuelasanitaria.educacion.navarra.es\/web1\/wp-content\/uploads\/2020\/05\/Galer\u00eda-04-750x420.jpg\" alt=\"Galer\u00eda 04\" \/><\/figure><\/div><div class=\"swiper-slide\" role=\"group\" aria-roledescription=\"slide\" aria-label=\"6 of 10\"><figure class=\"swiper-slide-inner\"><img decoding=\"async\" class=\"swiper-slide-image\" src=\"https:\/\/escuelasanitaria.educacion.navarra.es\/web1\/wp-content\/uploads\/2020\/05\/Galer\u00eda-05-750x420.jpg\" alt=\"Galer\u00eda 05\" \/><\/figure><\/div><div class=\"swiper-slide\" role=\"group\" aria-roledescription=\"slide\" aria-label=\"7 of 10\"><figure class=\"swiper-slide-inner\"><img decoding=\"async\" class=\"swiper-slide-image\" src=\"https:\/\/escuelasanitaria.educacion.navarra.es\/web1\/wp-content\/uploads\/2020\/05\/Galer\u00eda-07-750x420.jpg\" alt=\"Galer\u00eda 07\" \/><\/figure><\/div><div class=\"swiper-slide\" role=\"group\" aria-roledescription=\"slide\" aria-label=\"8 of 10\"><figure class=\"swiper-slide-inner\"><img decoding=\"async\" class=\"swiper-slide-image\" src=\"https:\/\/escuelasanitaria.educacion.navarra.es\/web1\/wp-content\/uploads\/2020\/05\/Galer\u00eda-01-750x420.jpg\" alt=\"Galer\u00eda 01\" \/><\/figure><\/div><div class=\"swiper-slide\" role=\"group\" aria-roledescription=\"slide\" aria-label=\"9 of 10\"><figure class=\"swiper-slide-inner\"><img decoding=\"async\" class=\"swiper-slide-image\" src=\"https:\/\/escuelasanitaria.educacion.navarra.es\/web1\/wp-content\/uploads\/2020\/05\/08_02-750x420.jpg\" alt=\"08_02\" \/><\/figure><\/div><div class=\"swiper-slide\" role=\"group\" aria-roledescription=\"slide\" aria-label=\"10 of 10\"><figure class=\"swiper-slide-inner\"><img decoding=\"async\" class=\"swiper-slide-image\" src=\"https:\/\/escuelasanitaria.educacion.navarra.es\/web1\/wp-content\/uploads\/2020\/05\/Galer\u00eda-03-750x420.jpg\" alt=\"Galer\u00eda 03\" \/><\/figure><\/div>\t\t\t<\/div>\n\t\t\t\t\t\t\t\t\t\t\t\t<div class=\"elementor-swiper-button elementor-swiper-button-prev\" role=\"button\" tabindex=\"0\">\n\t\t\t\t\t\t<i aria-hidden=\"true\" class=\"eicon-chevron-left\"><\/i>\t\t\t\t\t<\/div>\n\t\t\t\t\t<div class=\"elementor-swiper-button elementor-swiper-button-next\" role=\"button\" tabindex=\"0\">\n\t\t\t\t\t\t<i aria-hidden=\"true\" class=\"eicon-chevron-right\"><\/i>\t\t\t\t\t<\/div>\n\t\t\t\t\n\t\t\t\t\t\t\t\t\t<div class=\"swiper-pagination\"><\/div>\n\t\t\t\t\t\t\t\t\t<\/div>\n\t\t\t\t<\/div>\n\t\t\t\t<\/div>\n\t\t\t\t\t<\/div>\n\t\t<\/div>\n\t\t\t\t\t\t\t<\/div>\n\t\t<\/section>\n\t\t\t\t<section class=\"elementor-section elementor-top-section elementor-element elementor-element-d71ace5 elementor-section-boxed elementor-section-height-default elementor-section-height-default\" data-id=\"d71ace5\" data-element_type=\"section\">\n\t\t\t\t\t\t<div class=\"elementor-container elementor-column-gap-default\">\n\t\t\t\t\t<div class=\"elementor-column elementor-col-100 elementor-top-column elementor-element elementor-element-18651dd\" data-id=\"18651dd\" data-element_type=\"column\">\n\t\t\t<div class=\"elementor-widget-wrap elementor-element-populated\">\n\t\t\t\t\t\t\t\t<div class=\"elementor-element elementor-element-c3c6431 elementor-grid-3 elementor-grid-tablet-2 elementor-grid-mobile-1 elementor-posts--thumbnail-top elementor-widget elementor-widget-posts\" data-id=\"c3c6431\" data-element_type=\"widget\" data-settings=\"{&quot;classic_columns&quot;:&quot;3&quot;,&quot;classic_columns_tablet&quot;:&quot;2&quot;,&quot;classic_columns_mobile&quot;:&quot;1&quot;,&quot;classic_row_gap&quot;:{&quot;unit&quot;:&quot;px&quot;,&quot;size&quot;:35,&quot;sizes&quot;:[]},&quot;classic_row_gap_tablet&quot;:{&quot;unit&quot;:&quot;px&quot;,&quot;size&quot;:&quot;&quot;,&quot;sizes&quot;:[]},&quot;classic_row_gap_mobile&quot;:{&quot;unit&quot;:&quot;px&quot;,&quot;size&quot;:&quot;&quot;,&quot;sizes&quot;:[]}}\" data-widget_type=\"posts.classic\">\n\t\t\t\t<div class=\"elementor-widget-container\">\n\t\t\t\t\t<div class=\"elementor-posts-container elementor-posts elementor-posts--skin-classic elementor-grid\">\n\t\t\t\t<article class=\"elementor-post elementor-grid-item post-10443 post type-post status-publish format-standard category-actualidad category-estna category-higiene-bucodental category-internacional category-laboratorio-clinico-y-biomedico entry\">\n\t\t\t\t<div class=\"elementor-post__text\">\n\t\t\t\t<h3 class=\"elementor-post__title\">\n\t\t\t<a href=\"https:\/\/escuelasanitaria.educacion.navarra.es\/web1\/2024\/04\/25\/alumnado-de-los-ciclos-de-lcb-y-hbd-participan-en-un-concurso-de-videos-de-la-universidad-de-navarra\/\" >\n\t\t\t\tALUMNADO DE LOS CICLOS DE LCB Y HBD PARTICIPAN EN UN CONCURSO DE VIDEOS DE LA UNIVERSIDAD DE NAVARRA\t\t\t<\/a>\n\t\t<\/h3>\n\t\t\t\t<div class=\"elementor-post__meta-data\">\n\t\t\t\t\t<span class=\"elementor-post-date\">\n\t\t\t25 abril, 2024\t\t<\/span>\n\t\t\t\t<span class=\"elementor-post-avatar\">\n\t\t\tNo hay comentarios\t\t<\/span>\n\t\t\t\t<\/div>\n\t\t\t\t<div class=\"elementor-post__excerpt\">\n\t\t\t<p>Las profesoras del Departamento de ingl\u00e9s han tutorizado los proyectos Bunse`N Roses at CIMA y HBD ESTNA Team que participan en la XI edici\u00f3n del<\/p>\n\t\t<\/div>\n\t\t\n\t\t<a class=\"elementor-post__read-more\" href=\"https:\/\/escuelasanitaria.educacion.navarra.es\/web1\/2024\/04\/25\/alumnado-de-los-ciclos-de-lcb-y-hbd-participan-en-un-concurso-de-videos-de-la-universidad-de-navarra\/\" aria-label=\"Read more about ALUMNADO DE LOS CICLOS DE LCB Y HBD PARTICIPAN EN UN CONCURSO DE VIDEOS DE LA UNIVERSIDAD DE NAVARRA\" tabindex=\"-1\" >\n\t\t\tRead More \u00bb\t\t<\/a>\n\n\t\t\t\t<\/div>\n\t\t\t\t<\/article>\n\t\t\t\t<article class=\"elementor-post elementor-grid-item post-9318 post type-post status-publish format-standard category-estudiantes category-internacional category-laboratorio-clinico-y-biomedico entry\">\n\t\t\t\t<div class=\"elementor-post__text\">\n\t\t\t\t<h3 class=\"elementor-post__title\">\n\t\t\t<a href=\"https:\/\/escuelasanitaria.educacion.navarra.es\/web1\/2023\/06\/21\/una-alumna-de-laboratorio-clinico-y-biomedico-bilingue-ha-realizado-tres-meses-de-practicas-en-avezzano\/\" >\n\t\t\t\tUNA ALUMNA DE LABORATORIO CL\u00cdNICO Y BIOM\u00c9DICO BILING\u00dcE HA REALIZADO TRES MESES DE PR\u00c1CTICAS EN AVEZZANO\u00a0\t\t\t<\/a>\n\t\t<\/h3>\n\t\t\t\t<div class=\"elementor-post__meta-data\">\n\t\t\t\t\t<span class=\"elementor-post-date\">\n\t\t\t21 junio, 2023\t\t<\/span>\n\t\t\t\t<span class=\"elementor-post-avatar\">\n\t\t\tNo hay comentarios\t\t<\/span>\n\t\t\t\t<\/div>\n\t\t\t\t<div class=\"elementor-post__excerpt\">\n\t\t\t<p>Nuestra alumna de LCB biling\u00fce, Zaira Lecumberri, ha disfrutado de una beca Erasmus&nbsp;+ gracias al SEPIE, para realizar sus pr\u00e1cticas formativas en Avezzano, una ciudad<\/p>\n\t\t<\/div>\n\t\t\n\t\t<a class=\"elementor-post__read-more\" href=\"https:\/\/escuelasanitaria.educacion.navarra.es\/web1\/2023\/06\/21\/una-alumna-de-laboratorio-clinico-y-biomedico-bilingue-ha-realizado-tres-meses-de-practicas-en-avezzano\/\" aria-label=\"Read more about UNA ALUMNA DE LABORATORIO CL\u00cdNICO Y BIOM\u00c9DICO BILING\u00dcE HA REALIZADO TRES MESES DE PR\u00c1CTICAS EN AVEZZANO\u00a0\" tabindex=\"-1\" >\n\t\t\tRead More \u00bb\t\t<\/a>\n\n\t\t\t\t<\/div>\n\t\t\t\t<\/article>\n\t\t\t\t<article class=\"elementor-post elementor-grid-item post-6828 post type-post status-publish format-standard has-post-thumbnail category-actualidad category-laboratorio-clinico-y-biomedico category-salud-ambiental category-secretaria entry\">\n\t\t\t\t<a class=\"elementor-post__thumbnail__link\" href=\"https:\/\/escuelasanitaria.educacion.navarra.es\/web1\/2021\/10\/01\/inscripcion-a-curso-de-especializacion-de-formacion-profesional-en-cultivos-celulares\/\" tabindex=\"-1\" >\n\t\t\t<div class=\"elementor-post__thumbnail\"><img decoding=\"async\" width=\"300\" height=\"122\" src=\"https:\/\/escuelasanitaria.educacion.navarra.es\/web1\/wp-content\/uploads\/2020\/05\/Farmacia-y-Parafarmacia-300x122.jpg\" class=\"attachment-medium size-medium wp-image-4862\" alt=\"\" srcset=\"https:\/\/escuelasanitaria.educacion.navarra.es\/web1\/wp-content\/uploads\/2020\/05\/Farmacia-y-Parafarmacia-300x122.jpg 300w, https:\/\/escuelasanitaria.educacion.navarra.es\/web1\/wp-content\/uploads\/2020\/05\/Farmacia-y-Parafarmacia.jpg 750w\" sizes=\"(max-width: 300px) 100vw, 300px\" \/><\/div>\n\t\t<\/a>\n\t\t\t\t<div class=\"elementor-post__text\">\n\t\t\t\t<h3 class=\"elementor-post__title\">\n\t\t\t<a href=\"https:\/\/escuelasanitaria.educacion.navarra.es\/web1\/2021\/10\/01\/inscripcion-a-curso-de-especializacion-de-formacion-profesional-en-cultivos-celulares\/\" >\n\t\t\t\tINSCRIPCI\u00d3N A CURSO DE ESPECIALIZACI\u00d3N DE FORMACI\u00d3N PROFESIONAL EN CULTIVOS CELULARES\t\t\t<\/a>\n\t\t<\/h3>\n\t\t\t\t<div class=\"elementor-post__meta-data\">\n\t\t\t\t\t<span class=\"elementor-post-date\">\n\t\t\t1 octubre, 2021\t\t<\/span>\n\t\t\t\t<span class=\"elementor-post-avatar\">\n\t\t\tNo hay comentarios\t\t<\/span>\n\t\t\t\t<\/div>\n\t\t\t\t<div class=\"elementor-post__excerpt\">\n\t\t\t<p>El plazo para la inscripci\u00f3n ser\u00e1 del 4 al 8 de octubre de 2021. Toda la informaci\u00f3n en la web de navarra.es<\/p>\n\t\t<\/div>\n\t\t\n\t\t<a class=\"elementor-post__read-more\" href=\"https:\/\/escuelasanitaria.educacion.navarra.es\/web1\/2021\/10\/01\/inscripcion-a-curso-de-especializacion-de-formacion-profesional-en-cultivos-celulares\/\" aria-label=\"Read more about INSCRIPCI\u00d3N A CURSO DE ESPECIALIZACI\u00d3N DE FORMACI\u00d3N PROFESIONAL EN CULTIVOS CELULARES\" tabindex=\"-1\" >\n\t\t\tRead More \u00bb\t\t<\/a>\n\n\t\t\t\t<\/div>\n\t\t\t\t<\/article>\n\t\t\t\t<article class=\"elementor-post elementor-grid-item post-997 post type-post status-publish format-standard category-actualidad category-auxiliar-de-enfermeria category-estudiantes category-laboratorio-clinico-y-biomedico entry\">\n\t\t\t\t<div class=\"elementor-post__text\">\n\t\t\t\t<h3 class=\"elementor-post__title\">\n\t\t\t<a href=\"https:\/\/escuelasanitaria.educacion.navarra.es\/web1\/2016\/03\/14\/m%c2%aa-jose-perez-leoz-y-nerea-ayucar-astiz-premio-extraordinario-de-formacion-profesional\/\" >\n\t\t\t\tM\u00aa Jos\u00e9 P\u00e9rez Leoz y Nerea Ay\u00facar Astiz, Premio Extraordinario de Formaci\u00f3n Profesional\t\t\t<\/a>\n\t\t<\/h3>\n\t\t\t\t<div class=\"elementor-post__meta-data\">\n\t\t\t\t\t<span class=\"elementor-post-date\">\n\t\t\t14 marzo, 2016\t\t<\/span>\n\t\t\t\t<span class=\"elementor-post-avatar\">\n\t\t\tNo hay comentarios\t\t<\/span>\n\t\t\t\t<\/div>\n\t\t\t\t<div class=\"elementor-post__excerpt\">\n\t\t\t<p>En total diez alumnos y alumnas de grado superior y nueve de grado medio recibieron este premio, de las 63 solicitudes presentadas. Dos de nuestras<\/p>\n\t\t<\/div>\n\t\t\n\t\t<a class=\"elementor-post__read-more\" href=\"https:\/\/escuelasanitaria.educacion.navarra.es\/web1\/2016\/03\/14\/m%c2%aa-jose-perez-leoz-y-nerea-ayucar-astiz-premio-extraordinario-de-formacion-profesional\/\" aria-label=\"Read more about M\u00aa Jos\u00e9 P\u00e9rez Leoz y Nerea Ay\u00facar Astiz, Premio Extraordinario de Formaci\u00f3n Profesional\" tabindex=\"-1\" >\n\t\t\tRead More \u00bb\t\t<\/a>\n\n\t\t\t\t<\/div>\n\t\t\t\t<\/article>\n\t\t\t\t<article class=\"elementor-post elementor-grid-item post-310 post type-post status-publish format-standard has-post-thumbnail category-actividades category-actualidad category-estudiantes category-laboratorio-clinico-y-biomedico category-proyectos entry\">\n\t\t\t\t<a class=\"elementor-post__thumbnail__link\" href=\"https:\/\/escuelasanitaria.educacion.navarra.es\/web1\/2012\/06\/14\/alumnos-de-1%c2%ba-de-laboratorio-presentan-la-donacion-de-sangre-en-4-historias\/\" tabindex=\"-1\" >\n\t\t\t<div class=\"elementor-post__thumbnail\"><img fetchpriority=\"high\" decoding=\"async\" width=\"300\" height=\"225\" src=\"https:\/\/escuelasanitaria.educacion.navarra.es\/web1\/wp-content\/uploads\/2012\/06\/P6140005-e1339674689325-300x225.jpg\" class=\"attachment-medium size-medium wp-image-313\" alt=\"\" srcset=\"https:\/\/escuelasanitaria.educacion.navarra.es\/web1\/wp-content\/uploads\/2012\/06\/P6140005-e1339674689325-300x225.jpg 300w, https:\/\/escuelasanitaria.educacion.navarra.es\/web1\/wp-content\/uploads\/2012\/06\/P6140005-e1339674689325-768x576.jpg 768w, https:\/\/escuelasanitaria.educacion.navarra.es\/web1\/wp-content\/uploads\/2012\/06\/P6140005-e1339674689325-1024x768.jpg 1024w, https:\/\/escuelasanitaria.educacion.navarra.es\/web1\/wp-content\/uploads\/2012\/06\/P6140005-e1339674689325.jpg 1200w\" sizes=\"(max-width: 300px) 100vw, 300px\" \/><\/div>\n\t\t<\/a>\n\t\t\t\t<div class=\"elementor-post__text\">\n\t\t\t\t<h3 class=\"elementor-post__title\">\n\t\t\t<a href=\"https:\/\/escuelasanitaria.educacion.navarra.es\/web1\/2012\/06\/14\/alumnos-de-1%c2%ba-de-laboratorio-presentan-la-donacion-de-sangre-en-4-historias\/\" >\n\t\t\t\tAlumnos de 1\u00ba de Laboratorio presentan &#8216;La donaci\u00f3n de sangre en 4 historias&#8217;\t\t\t<\/a>\n\t\t<\/h3>\n\t\t\t\t<div class=\"elementor-post__meta-data\">\n\t\t\t\t\t<span class=\"elementor-post-date\">\n\t\t\t14 junio, 2012\t\t<\/span>\n\t\t\t\t<span class=\"elementor-post-avatar\">\n\t\t\tNo hay comentarios\t\t<\/span>\n\t\t\t\t<\/div>\n\t\t\t\t<div class=\"elementor-post__excerpt\">\n\t\t\t<p>Descargar programa (pdf)<\/p>\n\t\t<\/div>\n\t\t\n\t\t<a class=\"elementor-post__read-more\" href=\"https:\/\/escuelasanitaria.educacion.navarra.es\/web1\/2012\/06\/14\/alumnos-de-1%c2%ba-de-laboratorio-presentan-la-donacion-de-sangre-en-4-historias\/\" aria-label=\"Read more about Alumnos de 1\u00ba de Laboratorio presentan &#8216;La donaci\u00f3n de sangre en 4 historias&#8217;\" tabindex=\"-1\" >\n\t\t\tRead More \u00bb\t\t<\/a>\n\n\t\t\t\t<\/div>\n\t\t\t\t<\/article>\n\t\t\t\t<\/div>\n\t\t\n\t\t\t\t<\/div>\n\t\t\t\t<\/div>\n\t\t\t\t\t<\/div>\n\t\t<\/div>\n\t\t\t\t\t\t\t<\/div>\n\t\t<\/section>\n\t\t\t\t\t\t\t<\/div>\n\t\t","protected":false},"excerpt":{"rendered":"<p>Descubre este ciclo formativo de la mano de una de nuestras profesoras<\/p>\n","protected":false},"author":1,"featured_media":0,"parent":141,"menu_order":0,"comment_status":"closed","ping_status":"closed","template":"","meta":{"_genesis_hide_title":false,"_genesis_hide_breadcrumbs":false,"_genesis_hide_singular_image":false,"_genesis_hide_footer_widgets":false,"_genesis_custom_body_class":"","_genesis_custom_post_class":"","_genesis_layout":"","footnotes":""},"_links":{"self":[{"href":"https:\/\/escuelasanitaria.educacion.navarra.es\/web1\/wp-json\/wp\/v2\/pages\/4460"}],"collection":[{"href":"https:\/\/escuelasanitaria.educacion.navarra.es\/web1\/wp-json\/wp\/v2\/pages"}],"about":[{"href":"https:\/\/escuelasanitaria.educacion.navarra.es\/web1\/wp-json\/wp\/v2\/types\/page"}],"author":[{"embeddable":true,"href":"https:\/\/escuelasanitaria.educacion.navarra.es\/web1\/wp-json\/wp\/v2\/users\/1"}],"replies":[{"embeddable":true,"href":"https:\/\/escuelasanitaria.educacion.navarra.es\/web1\/wp-json\/wp\/v2\/comments?post=4460"}],"version-history":[{"count":25,"href":"https:\/\/escuelasanitaria.educacion.navarra.es\/web1\/wp-json\/wp\/v2\/pages\/4460\/revisions"}],"predecessor-version":[{"id":8172,"href":"https:\/\/escuelasanitaria.educacion.navarra.es\/web1\/wp-json\/wp\/v2\/pages\/4460\/revisions\/8172"}],"up":[{"embeddable":true,"href":"https:\/\/escuelasanitaria.educacion.navarra.es\/web1\/wp-json\/wp\/v2\/pages\/141"}],"wp:attachment":[{"href":"https:\/\/escuelasanitaria.educacion.navarra.es\/web1\/wp-json\/wp\/v2\/media?parent=4460"}],"curies":[{"name":"wp","href":"https:\/\/api.w.org\/{rel}","templated":true}]}}