{"id":137,"date":"2011-06-28T13:48:07","date_gmt":"2011-06-28T11:48:07","guid":{"rendered":"http:\/\/escuelasanitaria.educacion.navarra.es\/web\/?page_id=137"},"modified":"2025-11-17T17:01:08","modified_gmt":"2025-11-17T16:01:08","slug":"higiene-bucodental","status":"publish","type":"page","link":"https:\/\/escuelasanitaria.educacion.navarra.es\/web1\/oferta-formativa\/ciclos-formativos-de-grado-superior\/higiene-bucodental\/","title":{"rendered":"Higiene bucodental"},"content":{"rendered":"\t\t<div data-elementor-type=\"wp-page\" data-elementor-id=\"137\" class=\"elementor elementor-137\" data-elementor-post-type=\"page\">\n\t\t\t\t\t\t\t\t\t<section class=\"elementor-section elementor-top-section elementor-element elementor-element-7490fc6b elementor-section-boxed elementor-section-height-default elementor-section-height-default\" data-id=\"7490fc6b\" data-element_type=\"section\">\n\t\t\t\t\t\t<div class=\"elementor-container elementor-column-gap-default\">\n\t\t\t\t\t<div class=\"elementor-column elementor-col-100 elementor-top-column elementor-element elementor-element-ce5060c\" data-id=\"ce5060c\" data-element_type=\"column\">\n\t\t\t<div class=\"elementor-widget-wrap elementor-element-populated\">\n\t\t\t\t\t\t\t\t<div class=\"elementor-element elementor-element-4fe25dfd elementor-widget elementor-widget-text-editor\" data-id=\"4fe25dfd\" data-element_type=\"widget\" data-widget_type=\"text-editor.default\">\n\t\t\t\t<div class=\"elementor-widget-container\">\n\t\t\t\t\t\t\t<img decoding=\"async\" title=\"Higiene Bucodental\" src=\"\/web1\/wp-content\/uploads\/2019\/09\/higiene-bucodental.jpg\" alt=\"\" \/>\n<h3><strong><span style=\"color: #ce112b;\">T\u00e9cnico de Grado Superior en Higiene Bucodental<\/span><\/strong><\/h3>\nDenominaci\u00f3n: <strong>\u201cHigiene Bucodental\u201d<\/strong>\nNivel: <strong>3<\/strong> &#8211; Formaci\u00f3n Profesional de Grado Superior\nDuraci\u00f3n: <strong>2000 horas<\/strong>\nFamilia Profesional: <strong>Sanidad<\/strong>\nReferente europeo: CINE &#8211; 5b (Clasificaci\u00f3n Internacional Normalizada de la Educaci\u00f3n)\nModalidad: <strong>Presencial<\/strong>\nHorario: <strong>8:00 a 14:00 h<\/strong><br \/><br \/>\n<a href=\"http:\/\/www.navarra.es\/home_es\/Actualidad\/BON\/Boletines\/2017\/156\/Anuncio-4\/\">\nDescarga Curr\u00edculo Completo\n<\/a><br \/>\n<a href=\"https:\/\/www.educacion.navarra.es\/documents\/27590\/558252\/DF+110_2024+modificacion+GS.pdf\/a649cf9e-7adf-3c5d-c5ac-eaa602a553a5\" target=\"_blank\" rel=\"noopener\">\nAdaptaci\u00f3n Ley 3\/2022 (FP DUAL)\n<\/a><br \/>\n\n<!-- Eliminado: Ver folleto informativo -->\n\n<a href=\"https:\/\/www.todofp.es\/que-estudiar\/familias-profesionales\/sanidad\/higiente-bucodental.html\" target=\"_blank\" rel=\"noopener noreferrer\">\nInformaci\u00f3n completa\n<\/a>\n\n<a href=\"https:\/\/escuelasanitaria.educacion.navarra.es\/web1\/oferta-formativa\/ciclos-formativos-de-grado-superior\/higiene-bucodental\/tecnico-de-grado-superior-en-higiene-bucodental\/\">\nConocer m\u00e1s\n<\/a><br \/><br \/>\n<h3><strong>Competencia general<\/strong><\/h3>\nPromover la salud de las personas y de la comunidad mediante el desarrollo\nde actividades preventivas y t\u00e9cnico-asistenciales que incluyen la\nexploraci\u00f3n, la evaluaci\u00f3n, la promoci\u00f3n y la realizaci\u00f3n de t\u00e9cnicas\nodontol\u00f3gicas en colaboraci\u00f3n con el odont\u00f3logo o m\u00e9dico estomat\u00f3logo.\n<div class=\"tablaRes\">\n<div class=\"fila\">\n<div class=\"colcabecera\">M\u00f3dulos del Ciclo<\/div>\n<div class=\"colcabecera\">Horas semanales<\/div>\n<div class=\"colcabecera\">Horas totales<\/div>\n<\/div>\n<div class=\"fila\">\n<div class=\"col\"><strong>PRIMER CURSO<\/strong><\/div>\n<div class=\"col\"><\/div>\n<div class=\"col\"><\/div>\n<\/div>\n<div class=\"fila\">\n<div class=\"col\"><strong>0731.<\/strong> Estudio de la cavidad oral<\/div>\n<div class=\"col\">6<\/div>\n<div class=\"col\">195<\/div>\n<\/div>\n<div class=\"fila\">\n<div class=\"col\"><strong>0732.<\/strong> Exploraci\u00f3n de la cavidad oral<\/div>\n<div class=\"col\">6<\/div>\n<div class=\"col\">195<\/div>\n<\/div>\n<div class=\"fila\">\n<div class=\"col\"><strong>0733.<\/strong> Intervenci\u00f3n bucodental<\/div>\n<div class=\"col\">6<\/div>\n<div class=\"col\">195<\/div>\n<\/div>\n<div class=\"fila\">\n<div class=\"col\"><strong>1370.<\/strong> Fisiopatolog\u00eda general<\/div>\n<div class=\"col\">5<\/div>\n<div class=\"col\">165<\/div>\n<\/div>\n<div class=\"fila\">\n<div class=\"col\"><strong>0179.<\/strong> Ingl\u00e9s profesional (GS)<\/div>\n<div class=\"col\">2<\/div>\n<div class=\"col\">70<\/div>\n<\/div>\n<div class=\"fila\">\n<div class=\"col\"><strong>1665.<\/strong> Digitalizaci\u00f3n aplicada a los sectores productivos (GS)<\/div>\n<div class=\"col\">1<\/div>\n<div class=\"col\">40<\/div>\n<\/div>\n<div class=\"fila\">\n<div class=\"col\"><strong>1708.<\/strong> Sostenibilidad aplicada al sistema productivo<\/div>\n<div class=\"col\">1<\/div>\n<div class=\"col\">40<\/div>\n<\/div>\n<div class=\"fila\">\n<div class=\"col\"><strong>1709.<\/strong> Itinerario personal para la empleabilidad I<\/div>\n<div class=\"col\">3<\/div>\n<div class=\"col\">100<\/div>\n<\/div>\n<div class=\"fila\">\n<div class=\"col\"><strong>SEGUNDO CURSO<\/strong><\/div>\n<div class=\"col\"><\/div>\n<div class=\"col\"><\/div>\n<\/div>\n<div class=\"fila\">\n<div class=\"col\"><strong>0020.<\/strong> Primeros auxilios<\/div>\n<div class=\"col\">2<\/div>\n<div class=\"col\">70<\/div>\n<\/div>\n<div class=\"fila\">\n<div class=\"col\"><strong>0730.<\/strong> Recepci\u00f3n y log\u00edstica en la cl\u00ednica dental<\/div>\n<div class=\"col\">3<\/div>\n<div class=\"col\">100<\/div>\n<\/div>\n<div class=\"fila\">\n<div class=\"col\"><strong>0734.<\/strong> Epidemiolog\u00eda en salud oral<\/div>\n<div class=\"col\">4<\/div>\n<div class=\"col\">130<\/div>\n<\/div>\n<div class=\"fila\">\n<div class=\"col\"><strong>0735.<\/strong> Educaci\u00f3n para la salud oral<\/div>\n<div class=\"col\">4<\/div>\n<div class=\"col\">130<\/div>\n<\/div>\n<div class=\"fila\">\n<div class=\"col\"><strong>0736.<\/strong> Conservadora, periodoncia, cirug\u00eda e implantes<\/div>\n<div class=\"col\">5<\/div>\n<div class=\"col\">165<\/div>\n<\/div>\n<div class=\"fila\">\n<div class=\"col\"><strong>0737.<\/strong> Pr\u00f3tesis y ortodoncia<\/div>\n<div class=\"col\">5<\/div>\n<div class=\"col\">165<\/div>\n<\/div>\n<div class=\"fila\">\n<div class=\"col\"><strong>0738.<\/strong> Proyecto intermodular de higiene bucodental<\/div>\n<div class=\"col\">2<\/div>\n<div class=\"col\">70<\/div>\n<\/div>\n<div class=\"fila\">\n<div class=\"col\"><strong>1710.<\/strong> Itinerario personal para la empleabilidad II<\/div>\n<div class=\"col\">2<\/div>\n<div class=\"col\">70<\/div>\n<\/div>\n<div class=\"fila\">\n<div class=\"col\"><strong>_____.<\/strong> M\u00f3dulo profesional optativo<\/div>\n<div class=\"col\">3<\/div>\n<div class=\"col\">100<\/div>\n<\/div>\n<\/div>\t\t\t\t\t\t<\/div>\n\t\t\t\t<\/div>\n\t\t\t\t\t<\/div>\n\t\t<\/div>\n\t\t\t\t\t\t\t<\/div>\n\t\t<\/section>\n\t\t\t\t\t\t\t<\/div>\n\t\t","protected":false},"excerpt":{"rendered":"<p>T\u00e9cnico de Grado Superior en Higiene Bucodental Denominaci\u00f3n: \u201cHigiene Bucodental\u201d Nivel: 3 &#8211; Formaci\u00f3n Profesional de Grado Superior Duraci\u00f3n: 2000 horas Familia Profesional: Sanidad Referente europeo: CINE &#8211; 5b (Clasificaci\u00f3n Internacional Normalizada de la Educaci\u00f3n) Modalidad: Presencial Horario: 8:00 a 14:00 h Descarga Curr\u00edculo Completo Adaptaci\u00f3n Ley 3\/2022 (FP DUAL) Informaci\u00f3n completa Conocer m\u00e1s Competencia [&hellip;]<\/p>\n","protected":false},"author":1,"featured_media":0,"parent":136,"menu_order":1,"comment_status":"open","ping_status":"open","template":"","meta":{"_genesis_hide_title":false,"_genesis_hide_breadcrumbs":false,"_genesis_hide_singular_image":false,"_genesis_hide_footer_widgets":false,"_genesis_custom_body_class":"","_genesis_custom_post_class":"","_genesis_layout":"","footnotes":""},"_links":{"self":[{"href":"https:\/\/escuelasanitaria.educacion.navarra.es\/web1\/wp-json\/wp\/v2\/pages\/137"}],"collection":[{"href":"https:\/\/escuelasanitaria.educacion.navarra.es\/web1\/wp-json\/wp\/v2\/pages"}],"about":[{"href":"https:\/\/escuelasanitaria.educacion.navarra.es\/web1\/wp-json\/wp\/v2\/types\/page"}],"author":[{"embeddable":true,"href":"https:\/\/escuelasanitaria.educacion.navarra.es\/web1\/wp-json\/wp\/v2\/users\/1"}],"replies":[{"embeddable":true,"href":"https:\/\/escuelasanitaria.educacion.navarra.es\/web1\/wp-json\/wp\/v2\/comments?post=137"}],"version-history":[{"count":58,"href":"https:\/\/escuelasanitaria.educacion.navarra.es\/web1\/wp-json\/wp\/v2\/pages\/137\/revisions"}],"predecessor-version":[{"id":12422,"href":"https:\/\/escuelasanitaria.educacion.navarra.es\/web1\/wp-json\/wp\/v2\/pages\/137\/revisions\/12422"}],"up":[{"embeddable":true,"href":"https:\/\/escuelasanitaria.educacion.navarra.es\/web1\/wp-json\/wp\/v2\/pages\/136"}],"wp:attachment":[{"href":"https:\/\/escuelasanitaria.educacion.navarra.es\/web1\/wp-json\/wp\/v2\/media?parent=137"}],"curies":[{"name":"wp","href":"https:\/\/api.w.org\/{rel}","templated":true}]}}