{"id":13,"date":"2019-07-02T10:49:03","date_gmt":"2019-07-02T08:49:03","guid":{"rendered":"https:\/\/escuelasanitaria.educacion.navarra.es\/web1\/?page_id=13"},"modified":"2026-03-31T16:35:24","modified_gmt":"2026-03-31T14:35:24","slug":"oferta-formativa","status":"publish","type":"page","link":"https:\/\/escuelasanitaria.educacion.navarra.es\/web1\/oferta-formativa\/","title":{"rendered":"OFERTA FORMATIVA"},"content":{"rendered":"\t\t<div data-elementor-type=\"wp-post\" data-elementor-id=\"13\" class=\"elementor elementor-13\" data-elementor-post-type=\"page\">\n\t\t\t\t\t\t\t\t\t<section class=\"elementor-section elementor-top-section elementor-element elementor-element-46446c30 elementor-section-boxed elementor-section-height-default elementor-section-height-default\" data-id=\"46446c30\" data-element_type=\"section\">\n\t\t\t\t\t\t<div class=\"elementor-container elementor-column-gap-default\">\n\t\t\t\t\t<div class=\"elementor-column elementor-col-100 elementor-top-column elementor-element elementor-element-67838550\" data-id=\"67838550\" data-element_type=\"column\">\n\t\t\t<div class=\"elementor-widget-wrap elementor-element-populated\">\n\t\t\t\t\t\t\t\t<div class=\"elementor-element elementor-element-f0f6c67 elementor-widget elementor-widget-text-editor\" data-id=\"f0f6c67\" data-element_type=\"widget\" data-widget_type=\"text-editor.default\">\n\t\t\t\t<div class=\"elementor-widget-container\">\n\t\t\t\t\t\t\t<!-- wp:html -->\n<p><img decoding=\"async\" src=\"\/web1\/wp-content\/uploads\/2019\/10\/Oferta-formativa.jpg\" alt=\"\" \/><\/p>\n<!-- \/wp:html -->\n\n\t\t\t\t\t\t<\/div>\n\t\t\t\t<\/div>\n\t\t\t\t\t<\/div>\n\t\t<\/div>\n\t\t\t\t\t\t\t<\/div>\n\t\t<\/section>\n\t\t\t\t<section class=\"elementor-section elementor-top-section elementor-element elementor-element-52fc8ed elementor-section-boxed elementor-section-height-default elementor-section-height-default\" data-id=\"52fc8ed\" data-element_type=\"section\">\n\t\t\t\t\t\t<div class=\"elementor-container elementor-column-gap-default\">\n\t\t\t\t\t<div class=\"elementor-column elementor-col-100 elementor-top-column elementor-element elementor-element-efa660f\" data-id=\"efa660f\" data-element_type=\"column\">\n\t\t\t<div class=\"elementor-widget-wrap elementor-element-populated\">\n\t\t\t\t\t\t\t\t<div class=\"elementor-element elementor-element-1249a33 elementor-widget elementor-widget-text-editor\" data-id=\"1249a33\" data-element_type=\"widget\" data-widget_type=\"text-editor.default\">\n\t\t\t\t<div class=\"elementor-widget-container\">\n\t\t\t\t\t\t\t<h4 style=\"text-align: center;\"><strong><span style=\"color: #333333;\">Si quieres conocer nuestros ciclos por dentro, date una vuelta por nuestra<\/span> <a href=\"https:\/\/escuelasanitaria.educacion.navarra.es\/web1\/oferta-formativa\/oferta-formativa-4\/\" target=\"_blank\" rel=\"noopener\">visita virtual<\/a><\/strong><\/h4>\t\t\t\t\t\t<\/div>\n\t\t\t\t<\/div>\n\t\t\t\t\t<\/div>\n\t\t<\/div>\n\t\t\t\t\t\t\t<\/div>\n\t\t<\/section>\n\t\t\t\t<section class=\"elementor-section elementor-top-section elementor-element elementor-element-284fa64 elementor-section-boxed elementor-section-height-default elementor-section-height-default\" data-id=\"284fa64\" data-element_type=\"section\">\n\t\t\t\t\t\t<div class=\"elementor-container elementor-column-gap-default\">\n\t\t\t\t\t<div class=\"elementor-column elementor-col-100 elementor-top-column elementor-element elementor-element-13b4a0c\" data-id=\"13b4a0c\" data-element_type=\"column\">\n\t\t\t<div class=\"elementor-widget-wrap elementor-element-populated\">\n\t\t\t\t\t\t\t\t<div class=\"elementor-element elementor-element-7fb8cc9 elementor-widget elementor-widget-text-editor\" data-id=\"7fb8cc9\" data-element_type=\"widget\" data-widget_type=\"text-editor.default\">\n\t\t\t\t<div class=\"elementor-widget-container\">\n\t\t\t\t\t\t\t<h4 style=\"text-align: center;\"><a href=\"https:\/\/escuelasanitaria.educacion.navarra.es\/web1\/oferta-formativa\/presencial-2\/\"><strong><span style=\"color: #ce112b;\">Presencial<\/span><\/strong><\/a><\/h4>\t\t\t\t\t\t<\/div>\n\t\t\t\t<\/div>\n\t\t\t\t\t<\/div>\n\t\t<\/div>\n\t\t\t\t\t\t\t<\/div>\n\t\t<\/section>\n\t\t\t\t<section class=\"elementor-section elementor-top-section elementor-element elementor-element-887ca36 elementor-section-boxed elementor-section-height-default elementor-section-height-default\" data-id=\"887ca36\" data-element_type=\"section\">\n\t\t\t\t\t\t<div class=\"elementor-container elementor-column-gap-default\">\n\t\t\t\t\t<div class=\"elementor-column elementor-col-100 elementor-top-column elementor-element elementor-element-133aa73\" data-id=\"133aa73\" data-element_type=\"column\">\n\t\t\t<div class=\"elementor-widget-wrap elementor-element-populated\">\n\t\t\t\t\t\t\t\t<section class=\"elementor-section elementor-inner-section elementor-element elementor-element-2dc33bf elementor-section-boxed elementor-section-height-default elementor-section-height-default\" data-id=\"2dc33bf\" data-element_type=\"section\">\n\t\t\t\t\t\t<div class=\"elementor-container elementor-column-gap-wide\">\n\t\t\t\t\t<div class=\"elementor-column elementor-col-50 elementor-inner-column elementor-element elementor-element-79a1699\" data-id=\"79a1699\" data-element_type=\"column\">\n\t\t\t<div class=\"elementor-widget-wrap elementor-element-populated\">\n\t\t\t\t\t\t\t\t<div class=\"elementor-element elementor-element-e602745 elementor-widget elementor-widget-text-editor\" data-id=\"e602745\" data-element_type=\"widget\" data-widget_type=\"text-editor.default\">\n\t\t\t\t<div class=\"elementor-widget-container\">\n\t\t\t\t\t\t\t<p><strong>Ciclos formativos de grado medio<\/strong><\/p>\n<p><a href=\"\/web1\/oferta-formativa-2\/presencial\/cuidados-auxiliares-de-enfermeria\/\" target=\"_blank\" rel=\"noreferrer noopener\">Cuidados Auxiliares de Enfermer\u00eda<\/a><br><a href=\"\/web1\/oferta-formativa-2\/presencial\/erizaintzako-zaintza-osagarriak\/\" target=\"_blank\" rel=\"noreferrer noopener\">Erizaintzako Zainketa Lagungarriak<\/a><br><a href=\"\/web1\/oferta-formativa-2\/presencial\/emergencias-sanitarias\/\" target=\"_blank\" rel=\"noreferrer noopener\"> Emergencias Sanitarias<br><\/a> <a href=\"https:\/\/escuelasanitaria.educacion.navarra.es\/web1\/oferta-formativa\/presencial\/farmacia-parafarmacia\/\" target=\"_blank\" rel=\"noopener\">Farmacia y Parafarmacia<\/a><\/p>\t\t\t\t\t\t<\/div>\n\t\t\t\t<\/div>\n\t\t\t\t\t<\/div>\n\t\t<\/div>\n\t\t\t\t<div class=\"elementor-column elementor-col-50 elementor-inner-column elementor-element elementor-element-568088a\" data-id=\"568088a\" data-element_type=\"column\">\n\t\t\t<div class=\"elementor-widget-wrap elementor-element-populated\">\n\t\t\t\t\t\t\t\t<div class=\"elementor-element elementor-element-f19c7ed elementor-widget elementor-widget-text-editor\" data-id=\"f19c7ed\" data-element_type=\"widget\" data-widget_type=\"text-editor.default\">\n\t\t\t\t<div class=\"elementor-widget-container\">\n\t\t\t\t\t\t\t<p><strong>Ciclos formativos de grado superior<\/strong><\/p>\n<p style=\"text-align: left;\">\n    <a href=\"\/web1\/oferta-formativa-2\/ciclos-formativos-de-grado-superior\/higiene-bucodental\/\" target=\"_blank\" rel=\"noopener\">Higiene Bucodental<\/a><br \/>\n    <a href=\"\/web1\/oferta-formativa-2\/ciclos-formativos-de-grado-superior\/imagen-para-el-diagnostico-y-medicina-nuclear\/\" target=\"_blank\" rel=\"noopener\">Imagen para el Diagn\u00f3stico y Medicina Nuclear<\/a><br \/>\n    <a href=\"https:\/\/escuelasanitaria.educacion.navarra.es\/web1\/radioterapia-y-dosimetria\/\" target=\"_blank\" rel=\"noopener\">Radioterapia y Dosimetr\u00eda<\/a><br \/>\n    <a href=\"\/web1\/oferta-formativa-2\/ciclos-formativos-de-grado-superior\/laboratorio-clinico-y-biomedico\/\" target=\"_blank\" rel=\"noopener\">Laboratorio Cl\u00ednico y Biom\u00e9dico (castellano)<\/a><br \/>\n    <a href=\"https:\/\/escuelasanitaria.educacion.navarra.es\/web1\/oferta-formativa\/ciclos-formativos-de-grado-superior\/laboratorio-clinico-y-biomedico-bilingue\/\" target=\"_blank\" rel=\"noopener\">Laboratorio Cl\u00ednico y Biom\u00e9dico (biling\u00fce)<\/a><br \/>\n    <a href=\"\/web1\/oferta-formativa-2\/ciclos-formativos-de-grado-superior\/protesis-dentales\/\" target=\"_blank\" rel=\"noopener\">Pr\u00f3tesis Dentales<\/a><br \/>\n    <a href=\"https:\/\/escuelasanitaria.educacion.navarra.es\/web1\/oferta-formativa\/ciclos-formativos-de-grado-superior\/quimica-y-salud-ambiental\/\" target=\"_blank\" rel=\"noopener\">Qu\u00edmica y Salud Ambiental<\/a><br \/>\n    <a href=\"https:\/\/escuelasanitaria.educacion.navarra.es\/web1\/oferta-formativa\/ciclos-formativos-de-grado-superior\/dietetica\/\" target=\"_blank\" rel=\"noopener\">Diet\u00e9tica<\/a>\n<\/p>\n\n<p style=\"text-align: left;\"><strong>Curso Especializaci\u00f3n<\/strong><\/p>\n<p style=\"text-align: left;\">\n    <a href=\"https:\/\/escuelasanitaria.educacion.navarra.es\/web1\/oferta-formativa\/cultivos-celulares\/\">Cultivos Celulares<\/a>\n<\/p>\t\t\t\t\t\t<\/div>\n\t\t\t\t<\/div>\n\t\t\t\t\t<\/div>\n\t\t<\/div>\n\t\t\t\t\t\t\t<\/div>\n\t\t<\/section>\n\t\t\t\t\t<\/div>\n\t\t<\/div>\n\t\t\t\t\t\t\t<\/div>\n\t\t<\/section>\n\t\t\t\t<section class=\"elementor-section elementor-top-section elementor-element elementor-element-041d197 elementor-section-boxed elementor-section-height-default elementor-section-height-default\" data-id=\"041d197\" data-element_type=\"section\">\n\t\t\t\t\t\t<div class=\"elementor-container elementor-column-gap-default\">\n\t\t\t\t\t<div class=\"elementor-column elementor-col-100 elementor-top-column elementor-element elementor-element-9d78f0e\" data-id=\"9d78f0e\" data-element_type=\"column\">\n\t\t\t<div class=\"elementor-widget-wrap elementor-element-populated\">\n\t\t\t\t\t\t\t\t<section class=\"elementor-section elementor-inner-section elementor-element elementor-element-e332f5f elementor-section-boxed elementor-section-height-default elementor-section-height-default\" data-id=\"e332f5f\" data-element_type=\"section\">\n\t\t\t\t\t\t<div class=\"elementor-container elementor-column-gap-wide\">\n\t\t\t\t\t<div class=\"elementor-column elementor-col-50 elementor-inner-column elementor-element elementor-element-d312b37\" data-id=\"d312b37\" data-element_type=\"column\">\n\t\t\t<div class=\"elementor-widget-wrap elementor-element-populated\">\n\t\t\t\t\t\t\t\t<div class=\"elementor-element elementor-element-5898b3f elementor-widget elementor-widget-text-editor\" data-id=\"5898b3f\" data-element_type=\"widget\" data-widget_type=\"text-editor.default\">\n\t\t\t\t<div class=\"elementor-widget-container\">\n\t\t\t\t\t\t\t<h4><a href=\"https:\/\/escuelasanitaria.educacion.navarra.es\/web1\/oferta-formativa\/semipresencial\/\"><strong><span style=\"color: #ce112b;\">Semipresencial <\/span><\/strong><\/a><\/h4>\n<p><a href=\"https:\/\/escuelasanitaria.educacion.navarra.es\/web1\/oferta-formativa\/presencial\/cuidados-auxiliares-de-enfermeria-semipresencial\/\">Cuidados A<\/a><a style=\"font-family: var( --e-global-typography-text-font-family ), Sans-serif; font-weight: var( --e-global-typography-text-font-weight ); background-color: #ffffff;\" href=\"https:\/\/escuelasanitaria.educacion.navarra.es\/web1\/oferta-formativa\/presencial\/cuidados-auxiliares-de-enfermeria-semipresencial\/\">uxiliares de Enfermer\u00eda<\/a><\/p>\t\t\t\t\t\t<\/div>\n\t\t\t\t<\/div>\n\t\t\t\t\t<\/div>\n\t\t<\/div>\n\t\t\t\t<div class=\"elementor-column elementor-col-50 elementor-inner-column elementor-element elementor-element-d3c396b\" data-id=\"d3c396b\" data-element_type=\"column\">\n\t\t\t<div class=\"elementor-widget-wrap elementor-element-populated\">\n\t\t\t\t\t\t\t\t<div class=\"elementor-element elementor-element-0af7179 elementor-widget elementor-widget-text-editor\" data-id=\"0af7179\" data-element_type=\"widget\" data-widget_type=\"text-editor.default\">\n\t\t\t\t<div class=\"elementor-widget-container\">\n\t\t\t\t\t\t\t<h4><a href=\"https:\/\/escuelasanitaria.educacion.navarra.es\/web1\/oferta-formativa\/formacion-online-2\/\"><strong><span style=\"color: #ce112b;\">Formaci\u00f3n online <\/span><\/strong><\/a><\/h4>\n<p style=\"text-align: left;\"><a href=\"https:\/\/escuelasanitaria.educacion.navarra.es\/web1\/oferta-formativa\/presencial\/cuidados-auxiliares-de-enfermeria-online\/\" target=\"_blank\" rel=\"noopener\">Cuidados Auxiliares de Enfermer\u00eda Online<\/a><br \/><a href=\"https:\/\/escuelasanitaria.educacion.navarra.es\/web1\/oferta-formativa\/presencial\/emergencias-sanitarias-online\/\">Emergencias Sanitarias Online (Plan a extinguir)<br \/><\/a><a href=\"https:\/\/escuelasanitaria.educacion.navarra.es\/web1\/emergencias-sanitarias-online-nuevo-plan\/\" target=\"_blank\" rel=\"noopener\">Emergencias Sanitarias Online (Plan nuevo)<\/a><span style=\"color: #333333;\"><br \/><\/span><a href=\"https:\/\/escuelasanitaria.educacion.navarra.es\/web1\/higiene-bucodental-online\/\" target=\"_blank\" rel=\"noopener\">Higiene Bucodental Online\u00a0<\/a><a style=\"text-align: left;\"><br \/><\/a><\/p>\t\t\t\t\t\t<\/div>\n\t\t\t\t<\/div>\n\t\t\t\t\t<\/div>\n\t\t<\/div>\n\t\t\t\t\t\t\t<\/div>\n\t\t<\/section>\n\t\t\t\t\t<\/div>\n\t\t<\/div>\n\t\t\t\t\t\t\t<\/div>\n\t\t<\/section>\n\t\t\t\t\t\t\t<\/div>\n\t\t","protected":false},"excerpt":{"rendered":"<p>Si quieres conocer nuestros ciclos por dentro, date una vuelta por nuestra visita virtual Presencial Ciclos formativos de grado medio Cuidados Auxiliares de Enfermer\u00edaErizaintzako Zainketa Lagungarriak Emergencias Sanitarias Farmacia y Parafarmacia Ciclos formativos de grado superior Higiene Bucodental Imagen para el Diagn\u00f3stico y Medicina Nuclear Radioterapia y Dosimetr\u00eda Laboratorio Cl\u00ednico y Biom\u00e9dico (castellano) Laboratorio Cl\u00ednico [&hellip;]<\/p>\n","protected":false},"author":1,"featured_media":0,"parent":0,"menu_order":0,"comment_status":"closed","ping_status":"closed","template":"","meta":{"_genesis_hide_title":false,"_genesis_hide_breadcrumbs":false,"_genesis_hide_singular_image":false,"_genesis_hide_footer_widgets":false,"_genesis_custom_body_class":"","_genesis_custom_post_class":"","_genesis_layout":"","footnotes":""},"_links":{"self":[{"href":"https:\/\/escuelasanitaria.educacion.navarra.es\/web1\/wp-json\/wp\/v2\/pages\/13"}],"collection":[{"href":"https:\/\/escuelasanitaria.educacion.navarra.es\/web1\/wp-json\/wp\/v2\/pages"}],"about":[{"href":"https:\/\/escuelasanitaria.educacion.navarra.es\/web1\/wp-json\/wp\/v2\/types\/page"}],"author":[{"embeddable":true,"href":"https:\/\/escuelasanitaria.educacion.navarra.es\/web1\/wp-json\/wp\/v2\/users\/1"}],"replies":[{"embeddable":true,"href":"https:\/\/escuelasanitaria.educacion.navarra.es\/web1\/wp-json\/wp\/v2\/comments?post=13"}],"version-history":[{"count":183,"href":"https:\/\/escuelasanitaria.educacion.navarra.es\/web1\/wp-json\/wp\/v2\/pages\/13\/revisions"}],"predecessor-version":[{"id":12782,"href":"https:\/\/escuelasanitaria.educacion.navarra.es\/web1\/wp-json\/wp\/v2\/pages\/13\/revisions\/12782"}],"wp:attachment":[{"href":"https:\/\/escuelasanitaria.educacion.navarra.es\/web1\/wp-json\/wp\/v2\/media?parent=13"}],"curies":[{"name":"wp","href":"https:\/\/api.w.org\/{rel}","templated":true}]}}