{"id":12751,"date":"2026-03-31T13:47:56","date_gmt":"2026-03-31T11:47:56","guid":{"rendered":"https:\/\/escuelasanitaria.educacion.navarra.es\/web1\/?page_id=12751"},"modified":"2026-04-01T12:02:21","modified_gmt":"2026-04-01T10:02:21","slug":"dietetica","status":"publish","type":"page","link":"https:\/\/escuelasanitaria.educacion.navarra.es\/web1\/oferta-formativa\/ciclos-formativos-de-grado-superior\/dietetica\/","title":{"rendered":"Diet\u00e9tica"},"content":{"rendered":"\t\t<div data-elementor-type=\"wp-page\" data-elementor-id=\"12751\" class=\"elementor elementor-12751\" data-elementor-post-type=\"page\">\n\t\t\t\t\t\t\t\t\t<section class=\"elementor-section elementor-top-section elementor-element elementor-element-711c602d elementor-section-boxed elementor-section-height-default elementor-section-height-default\" data-id=\"711c602d\" data-element_type=\"section\">\n\t\t\t\t\t\t<div class=\"elementor-container elementor-column-gap-default\">\n\t\t\t\t\t<div class=\"elementor-column elementor-col-100 elementor-top-column elementor-element elementor-element-46c00712\" data-id=\"46c00712\" data-element_type=\"column\">\n\t\t\t<div class=\"elementor-widget-wrap elementor-element-populated\">\n\t\t\t\t\t\t\t\t<div class=\"elementor-element elementor-element-4620fa2b elementor-widget__width-initial elementor-widget elementor-widget-text-editor\" data-id=\"4620fa2b\" data-element_type=\"widget\" data-widget_type=\"text-editor.default\">\n\t\t\t\t<div class=\"elementor-widget-container\">\n\t\t\t\t\t\t\t<p><img decoding=\"async\" title=\"T\u00e9cnico de Grado Superior en Diet\u00e9tica\" src=\"https:\/\/escuelasanitaria.educacion.navarra.es\/web1\/wp-content\/uploads\/2026\/04\/dietetica-1-1-scaled.jpg\" alt=\"T\u00e9cnico de Grado Superior en Diet\u00e9tica\"><\/p>\n<h3><strong><span style=\"color: #ce112b;\"><br>\nT\u00e9cnico de Grado Superior en Diet\u00e9tica<br>\n<\/span><\/strong><\/h3>\n<p>Nivel: <strong>3 &#8211; Formaci\u00f3n Profesional de Grado Superior<\/strong><br>\nFamilia Profesional: <strong>Sanidad<\/strong><br>\nReferente europeo: <strong>CINE-5b<\/strong><br>\nDuraci\u00f3n: <strong>2000 horas<\/strong><br>\nModalidad: <strong>Presencial<\/strong><br>\nHorario: <strong>15:00 a 20:40 h<\/strong><\/p>\n<p><a href=\"https:\/\/escuelasanitaria.educacion.navarra.es\/web1\/wp-content\/uploads\/2026\/04\/TS_DIETETICA.pdf\" target=\"_blank\" rel=\"noopener noreferrer\">Descarga curr\u00edculo completo<\/a><\/p><p><a href=\"https:\/\/www.todofp.es\/que-estudiar\/logse\/sanidad\/dietetica.html\" target=\"_blank\" rel=\"noopener noreferrer\" style=\"background-color: rgb(255, 255, 255);\">Informaci\u00f3n completa<\/a><\/p>\n<h4><strong><br>\n<span style=\"color: #ce112b;\">Competencia general<\/span><br>\n<\/strong><\/h4>\n<p>Elaborar dietas adaptadas a personas y\/o colectivos y controlar la calidad de la alimentaci\u00f3n humana, analizando sus comportamientos alimentarios y sus necesidades educativas que mejoren los h\u00e1bitos de alimentaci\u00f3n de la poblaci\u00f3n, bajo la supervisi\u00f3n correspondiente.<\/p>\n<div class=\"tablaRes\">\n<div class=\"fila\">\n<div class=\"colcabecera\">M\u00f3dulos del Ciclo<\/div>\n<div class=\"colcabecera\">Horas semanales<\/div>\n<div class=\"colcabecera\">Horas totales<\/div>\n<\/div>\n<div class=\"fila\">\n<div class=\"col\"><strong>PRIMER CURSO<\/strong><\/div>\n<div class=\"col\"><\/div>\n<div class=\"col\"><\/div>\n<\/div>\n<div class=\"fila\">\n<div class=\"col\"><strong>M1. <\/strong>Organizaci\u00f3n y gesti\u00f3n del \u00e1rea de trabajo asignada en la unidad\/gabinete de Diet\u00e9tica<\/div>\n<div class=\"col\">3<\/div>\n<div class=\"col\">95<\/div>\n<\/div>\n<div class=\"fila\">\n<div class=\"col\"><strong>M2. <\/strong>Alimentaci\u00f3n equilibrada<\/div>\n<div class=\"col\">10<\/div>\n<div class=\"col\">320<\/div>\n<\/div>\n<div class=\"fila\">\n<div class=\"col\"><strong>M4. <\/strong>Control alimentario<\/div>\n<div class=\"col\">7<\/div>\n<div class=\"col\">190<\/div>\n<\/div>\n<div class=\"fila\">\n<div class=\"col\"><strong>M7. <\/strong>Fisiopatolog\u00eda aplicada a la diet\u00e9tica<\/div>\n<div class=\"col\">8<\/div>\n<div class=\"col\">225<\/div>\n<\/div>\n<div class=\"fila\">\n<div class=\"col\"><strong>M9. <\/strong>Formaci\u00f3n y orientaci\u00f3n laboral<\/div>\n<div class=\"col\">2<\/div>\n<div class=\"col\">65<\/div>\n<\/div>\n<div class=\"fila\">\n<div class=\"col\"><strong>SEGUNDO CURSO<\/strong><\/div>\n<div class=\"col\"><\/div>\n<div class=\"col\"><\/div>\n<\/div>\n<div class=\"fila\">\n<div class=\"col\"><strong>M3. <\/strong>Dietoterapia<\/div>\n<div class=\"col\">10<\/div>\n<div class=\"col\">240<\/div>\n<\/div>\n<div class=\"fila\">\n<div class=\"col\"><strong>M5. <\/strong>Microbiolog\u00eda e higiene alimentaria<\/div>\n<div class=\"col\">10<\/div>\n<div class=\"col\">240<\/div>\n<\/div>\n<div class=\"fila\">\n<div class=\"col\"><strong>M6. <\/strong>Educaci\u00f3n sanitaria y promoci\u00f3n de la salud<\/div>\n<div class=\"col\">7<\/div>\n<div class=\"col\">160<\/div>\n<\/div>\n<div class=\"fila\">\n<div class=\"col\"><strong>M8. <\/strong>Relaciones en el entorno de trabajo<\/div>\n<div class=\"col\">3<\/div>\n<div class=\"col\">65<\/div>\n<\/div>\n<div class=\"fila\">\n<div class=\"col\"><strong>_____. <\/strong>Formaci\u00f3n en centro de trabajo<\/div>\n<div class=\"col\">Horario empresa<\/div>\n<div class=\"col\">400<\/div>\n<\/div>\n<\/div>\t\t\t\t\t\t<\/div>\n\t\t\t\t<\/div>\n\t\t\t\t<div class=\"elementor-element elementor-element-50386f9 elementor-widget__width-initial elementor-widget elementor-widget-text-editor\" data-id=\"50386f9\" data-element_type=\"widget\" data-widget_type=\"text-editor.default\">\n\t\t\t\t<div class=\"elementor-widget-container\">\n\t\t\t\t\t\t\t\t\t\t\t\t\t<\/div>\n\t\t\t\t<\/div>\n\t\t\t\t<div class=\"elementor-element elementor-element-e9f9122 elementor-widget__width-initial elementor-widget elementor-widget-text-editor\" data-id=\"e9f9122\" data-element_type=\"widget\" data-widget_type=\"text-editor.default\">\n\t\t\t\t<div class=\"elementor-widget-container\">\n\t\t\t\t\t\t\t\t\t\t\t\t\t<\/div>\n\t\t\t\t<\/div>\n\t\t\t\t\t<\/div>\n\t\t<\/div>\n\t\t\t\t\t\t\t<\/div>\n\t\t<\/section>\n\t\t\t\t\t\t\t<\/div>\n\t\t","protected":false},"excerpt":{"rendered":"<p>T\u00e9cnico de Grado Superior en Diet\u00e9tica Nivel: 3 &#8211; Formaci\u00f3n Profesional de Grado Superior Familia Profesional: Sanidad Referente europeo: CINE-5b Duraci\u00f3n: 2000 horas Modalidad: Presencial Horario: 15:00 a 20:40 h Descarga curr\u00edculo completo Informaci\u00f3n completa Competencia general Elaborar dietas adaptadas a personas y\/o colectivos y controlar la calidad de la alimentaci\u00f3n humana, analizando sus comportamientos [&hellip;]<\/p>\n","protected":false},"author":3,"featured_media":0,"parent":136,"menu_order":7,"comment_status":"open","ping_status":"open","template":"","meta":{"_genesis_hide_title":false,"_genesis_hide_breadcrumbs":false,"_genesis_hide_singular_image":false,"_genesis_hide_footer_widgets":false,"_genesis_custom_body_class":"","_genesis_custom_post_class":"","_genesis_layout":"","footnotes":""},"_links":{"self":[{"href":"https:\/\/escuelasanitaria.educacion.navarra.es\/web1\/wp-json\/wp\/v2\/pages\/12751"}],"collection":[{"href":"https:\/\/escuelasanitaria.educacion.navarra.es\/web1\/wp-json\/wp\/v2\/pages"}],"about":[{"href":"https:\/\/escuelasanitaria.educacion.navarra.es\/web1\/wp-json\/wp\/v2\/types\/page"}],"author":[{"embeddable":true,"href":"https:\/\/escuelasanitaria.educacion.navarra.es\/web1\/wp-json\/wp\/v2\/users\/3"}],"replies":[{"embeddable":true,"href":"https:\/\/escuelasanitaria.educacion.navarra.es\/web1\/wp-json\/wp\/v2\/comments?post=12751"}],"version-history":[{"count":62,"href":"https:\/\/escuelasanitaria.educacion.navarra.es\/web1\/wp-json\/wp\/v2\/pages\/12751\/revisions"}],"predecessor-version":[{"id":12842,"href":"https:\/\/escuelasanitaria.educacion.navarra.es\/web1\/wp-json\/wp\/v2\/pages\/12751\/revisions\/12842"}],"up":[{"embeddable":true,"href":"https:\/\/escuelasanitaria.educacion.navarra.es\/web1\/wp-json\/wp\/v2\/pages\/136"}],"wp:attachment":[{"href":"https:\/\/escuelasanitaria.educacion.navarra.es\/web1\/wp-json\/wp\/v2\/media?parent=12751"}],"curies":[{"name":"wp","href":"https:\/\/api.w.org\/{rel}","templated":true}]}}