{"id":1041,"date":"2016-04-15T11:34:38","date_gmt":"2016-04-15T09:34:38","guid":{"rendered":"http:\/\/escuelasanitaria.educacion.navarra.es\/web\/?page_id=1041"},"modified":"2019-09-25T09:57:23","modified_gmt":"2019-09-25T07:57:23","slug":"politica-de-privacidad","status":"publish","type":"page","link":"https:\/\/escuelasanitaria.educacion.navarra.es\/web1\/politica-de-privacidad\/","title":{"rendered":"Pol\u00edtica de privacidad"},"content":{"rendered":"<p>Este documento regula el uso del servicio que &nbsp;ESTNA &nbsp;facilita a los usuarios de Internet. La utilizaci\u00f3n de este sitio web supone la aceptaci\u00f3n de dichas condiciones, que en cualquier momento podr\u00e1n ser modificadas por ESTNA.<\/p>\n<h3><strong><span style=\"color: #ce112b;\">Protecci\u00f3n de datos<\/span><\/strong><\/h3>\n<p>ESTNA. se compromete a tratar todos los datos facilitados por los visitantes de su sitio web en internet con total confidencialidad.<\/p>\n<p>Cualquier dato ser\u00e1 incluido en un fichero conservado con la debida confidencialidad y seguridad conforme a la Ley Org\u00e1nica 15\/1999, de 13 de diciembre.<\/p>\n<p>El usuario podr\u00e1 en todo momento acceder a sus datos, modificarlos o cancelarlos, y esto lo podr\u00e1 hacer mediante correo electr\u00f3nico a&nbsp;<a href=\"mailto:iessanit.secretaria@pnte.cfnavarra.es\">escuela.sanitaria@educacion.navarra.es<\/a><\/p>\n<h3><strong><span style=\"color: #ce112b;\">Propiedad Intelectual<\/span><\/strong><\/h3>\n<p>Este sitio web y sus contenidos se encuentran protegidos por las leyes espa\u00f1olas e internacionales sobre propiedad Intelectual e Industrial..<\/p>\n<h3><strong><span style=\"color: #ce112b;\">Informaci\u00f3n Ley 34\/2002<\/span><\/strong><\/h3>\n<p>En cumplimiento con lo establecido en la Ley 34\/2002, de 11 de julio, de Servicios de la Sociedad de la Informaci\u00f3n, los datos de informaci\u00f3n general de este sitio web son:<\/p>\n<ul>\n<li>Escuela Sanitaria T\u00e9cnico Prefesional de Navarra<\/li>\n<li>C\/Irunlarrea 3 (Recinto Hospital de Navarra) &#8211; 31008 Pamplona<\/li>\n<li>Correo electr\u00f3nico: <a href=\"mailto:iessanit.secretaria@pnte.cfnavarra.es\">escuela.sanitaria@educacion.navarra.es<\/a><\/li>\n<\/ul>\n<h3><strong><span style=\"color: #ce112b;\">Informaci\u00f3n referente al uso de la direcci\u00f3n de contacto ofrecida en la p\u00e1gina web<\/span><\/strong><\/h3>\n<p>El env\u00edo de un correo electr\u00f3nico utilizando las direcciones de contacto que aparecen en la p\u00e1gina implica el consentimiento expreso del usuario para el uso por ESTNA, de su direcci\u00f3n de correo electr\u00f3nico con el fin de dar respuesta a su consulta mediante el env\u00edo de correo electr\u00f3nico as\u00ed como, en su caso, para darle una respuesta por otro medio de comunicaci\u00f3n electr\u00f3nica equivalente al correo electr\u00f3nico.<\/p>\n<p>&nbsp;<\/p>\n<div class=\"et_pb_text et_pb_module et_pb_bg_layout_light et_pb_text_align_left historia et_pb_text_0\">\n<h1>P\u00f3litica de Cookies<\/h1>\n<\/div>\n<div class=\"et_pb_text et_pb_module et_pb_bg_layout_light et_pb_text_align_left et_pb_text_1\">\n<p>Cookie es un fichero que se descarga en su ordenador al acceder a determinadas p\u00e1ginas web. Las cookies permiten a una p\u00e1gina web, entre otras cosas, almacenar y recuperar informaci\u00f3n sobre los h\u00e1bitos de navegaci\u00f3n de un usuario o de su equipo y, dependiendo de la informaci\u00f3n que contengan y de la forma en que utilice su equipo, pueden utilizarse para reconocer al usuario.<\/p>\n<p>El navegador del usuario memoriza cookies en el disco duro solamente durante la sesi\u00f3n actual ocupando un espacio de memoria m\u00ednimo y no perjudicando al ordenador. Las cookies no contienen ninguna clase de informaci\u00f3n personal espec\u00edfica, y la mayor\u00eda de las mismas se borran del disco duro al finalizar la sesi\u00f3n de navegador (las denominadas cookies de sesi\u00f3n).<\/p>\n<p>La mayor\u00eda de los navegadores aceptan como est\u00e1ndar a las cookies y, con independencia de las mismas, permiten o impiden en los ajustes de seguridad las cookies temporales o memorizadas.<\/p>\n<h3><strong><span style=\"color: #ce112b;\">Tipos de cookies<\/span><\/strong><\/h3>\n<p>En la siguiente gu\u00eda sobre el uso de cookies de la Agencia de Protecci\u00f3n de Datos se detallan los distintos tipos de cookies:<br \/>\n<a title=\"http:\/\/www.agpd.es\/portalwebAGPD\/canaldocumentacion\/publicaciones\/common\/Guias\/Guia_Cookies.pdf. Se abre en ventana nueva\" href=\"http:\/\/www.agpd.es\/portalwebAGPD\/canaldocumentacion\/publicaciones\/common\/Guias\/Guia_Cookies.pdf\" target=\"_blank\" rel=\"noopener noreferrer\">http:\/\/www.agpd.es\/portalwebAGPD\/canaldocumentacion\/publicaciones\/common\/Guias\/Guia_Cookies.pdf<\/a><\/p>\n<p>Seg\u00fan qui\u00e9n sea la entidad que gestione el dominio desde donde se env\u00edan las cookies y trate los datos que se obtengan, se pueden distinguir dos tipos: cookies propias y cookies de terceros.<\/p>\n<ul>\n<li>Cookies propias: se env\u00edan al dispositivo del usuario desde un equipo o dominio gestionado por el propietario de la web y desde el que se presta el servicio solicitado por el usuario.<\/li>\n<li>Cookies de tercero: se env\u00edan al dispositivo del usuario desde un equipo o dominio que no es gestionado por el propietario de la web, sino por otra entidad que trata los datos obtenidos trav\u00e9s de las cookies.<\/li>\n<\/ul>\n<p>Adem\u00e1s las cookies pueden ser:<\/p>\n<ul>\n<li>Seg\u00fan el plazo de tiempo que permanecen almacenadas en el ordenador: cookies de sesi\u00f3n o cookies persistentes.<\/li>\n<li>Seg\u00fan la finalidad: cookies t\u00e9cnicas, cookies de personalizaci\u00f3n, cookies de an\u00e1lisis, cookies publicitarias y cookies de publicidad comportamental.<\/li>\n<\/ul>\n<h3><strong><span style=\"color: #ce112b;\">Cookies utilizadas<\/span><\/strong><\/h3>\n<p>Siguiendo las directrices de la Agencia Espa\u00f1ola de Protecci\u00f3n de Datos procedemos a detallar el uso de cookies que hace esta web con el fin de informarle con la m\u00e1xima exactitud posible.<\/p>\n<p>Este sitio web utiliza las siguientes clase de cookies:<\/p>\n<ul>\n<li><strong>Cookies \u201canal\u00edticas\u201d:<\/strong>Con prop\u00f3sitos de mantenimiento peri\u00f3dico, y en aras de garantizar el mejor servicio posible al usuario, este sitio web hace uso de cookies \u201canal\u00edticas\u201d para el recabado de estad\u00edsticas de actividad.Google Analytics, un servicio de an\u00e1lisis web desarrollado por Google, que permite la medici\u00f3n y an\u00e1lisis de la navegaci\u00f3n en las p\u00e1ginas web. En su navegador podr\u00e1 observar 4 cookies de este servicio. Seg\u00fan la tipolog\u00eda anterior se trata de cookies propias, de sesi\u00f3n y de an\u00e1lisis. Puede encontrar m\u00e1s informaci\u00f3n al respecto e inhabilitar el uso de estas cookies en:<br \/>\n<a href=\"https:\/\/www.google.com\/intl\/es_ES\/analytics\/learn\/privacy.htmlhttps:\/\/tools.google.com\/dlpage\/gaoptout?hl=es\" target=\"_blank\" rel=\"noopener noreferrer\">https:\/\/www.google.com\/intl\/es_ES\/analytics\/learn\/privacy.html https:\/\/tools.google.com\/dlpage\/gaoptout?hl=es<\/a> En ning\u00fan caso se obtiene informaci\u00f3n sobre los datos personales del usuario, garantizando la tutela de la privacidad de las personas que navegan por la web. La informaci\u00f3n que se obtiene tiene una finalidad estrictamente estad\u00edstica: n\u00famero de usuarios que acceden a la web, n\u00famero de p\u00e1ginas vistas, frecuencia y repetici\u00f3n de las visitas, su duraci\u00f3n, el navegador utilizado, el operador que presta el servicio, el idioma, el terminal que utiliza, o la ciudad a la que est\u00e1 asignada su direcci\u00f3n IP. Informaci\u00f3n que posibilita ofrecer un mejor y m\u00e1s apropiado servicio por nuestra parte.<\/li>\n<li><strong>Cookies de uso interno:<\/strong> Adem\u00e1s, insaustimedicaltrolleys.com usa diversas cookies para el mantenimiento de sesiones de usuario entre diferentes \u201clogins\u201d a las \u00e1reas privadas o de autogesti\u00f3n facilitadas y cookies con el idioma seleccionado.<\/li>\n<\/ul>\n<h3><strong><span style=\"color: #ce112b;\">Aceptaci\u00f3n de la Pol\u00edtica de cookies<\/span><\/strong><\/h3>\n<p>Mostramos informaci\u00f3n sobre la Pol\u00edtica de cookies en cualquier p\u00e1gina de la web con cada inicio de sesi\u00f3n.<\/p>\n<p>Ante esta informaci\u00f3n es posible llevar a cabo las siguientes acciones:<\/p>\n<ol>\n<li>Aceptar cookies, dando su consentimiento una vez navega por el sitio web.<\/li>\n<li>Modificar su configuraci\u00f3n.<\/li>\n<\/ol>\n<p>Puedes restringir, bloquear o borrar las cookies de cualquier p\u00e1gina web, utilizando tu navegador. Puesto que en cada navegador la configuraci\u00f3n es diferente, la funci\u00f3n de \u2018Ayuda\u201d le mostrar\u00e1 c\u00f3mo hacerlo. Te facilitamos enlaces directos con informaci\u00f3n al respecto:<\/p>\n<ul>\n<li>Microsoft Internet Explorer: <a title=\"windows.microsoft.com\/es-xl\/internet-explorer\/delete-manage-cookies#ie=\u201die-10. Se abre en ventana nueva\" href=\"http:\/\/windows.microsoft.com\/es-xl\/internet-explorer\/delete-manage-cookies#ie=%22ie-10\" target=\"_blank\" rel=\"noopener noreferrer\">windows.microsoft.com\/es-xl\/internet-explorer\/delete-manage-cookies#ie=\u201die-10<\/a><\/li>\n<li>Mozilla FireFox: <a title=\"support.mozilla.org\/es\/kb\/Borrar%20cookies. Se abre en ventana nueva\" href=\"http:\/\/support.mozilla.org\/es\/kb\/Borrar%20cookies\" target=\"_blank\" rel=\"noopener noreferrer\">support.mozilla.org\/es\/kb\/Borrar%20cookies<\/a><\/li>\n<li>Google Chrome: <a title=\"http:\/\/support.google.com\/chrome\/answer\/95647?hl=es. Se abre en ventana nueva\" href=\"http:\/\/support.google.com\/chrome\/answer\/95647?hl=es\" target=\"_blank\" rel=\"noopener noreferrer\">http:\/\/support.google.com\/chrome\/answer\/95647?hl=es<\/a><\/li>\n<li>Apple Safari: <a title=\"www.apple.com\/es\/privacy\/use-of-cookies. Se abre en ventana nueva\" href=\"http:\/\/www.apple.com\/es\/privacy\/use-of-cookies\" target=\"_blank\" rel=\"noopener noreferrer\">www.apple.com\/es\/privacy\/use-of-cookies<\/a><\/li>\n<\/ul>\n<\/div>\n","protected":false},"excerpt":{"rendered":"<p>Este documento regula el uso del servicio que &nbsp;ESTNA &nbsp;facilita a los usuarios de Internet. La utilizaci\u00f3n de este sitio web supone la aceptaci\u00f3n de dichas condiciones, que en cualquier momento podr\u00e1n ser modificadas por ESTNA. Protecci\u00f3n de datos ESTNA. se compromete a tratar todos los datos facilitados por los visitantes de su sitio web [&hellip;]<\/p>\n","protected":false},"author":1,"featured_media":0,"parent":0,"menu_order":0,"comment_status":"closed","ping_status":"closed","template":"","meta":{"_genesis_hide_title":false,"_genesis_hide_breadcrumbs":false,"_genesis_hide_singular_image":false,"_genesis_hide_footer_widgets":false,"_genesis_custom_body_class":"","_genesis_custom_post_class":"","_genesis_layout":"","footnotes":""},"_links":{"self":[{"href":"https:\/\/escuelasanitaria.educacion.navarra.es\/web1\/wp-json\/wp\/v2\/pages\/1041"}],"collection":[{"href":"https:\/\/escuelasanitaria.educacion.navarra.es\/web1\/wp-json\/wp\/v2\/pages"}],"about":[{"href":"https:\/\/escuelasanitaria.educacion.navarra.es\/web1\/wp-json\/wp\/v2\/types\/page"}],"author":[{"embeddable":true,"href":"https:\/\/escuelasanitaria.educacion.navarra.es\/web1\/wp-json\/wp\/v2\/users\/1"}],"replies":[{"embeddable":true,"href":"https:\/\/escuelasanitaria.educacion.navarra.es\/web1\/wp-json\/wp\/v2\/comments?post=1041"}],"version-history":[{"count":3,"href":"https:\/\/escuelasanitaria.educacion.navarra.es\/web1\/wp-json\/wp\/v2\/pages\/1041\/revisions"}],"predecessor-version":[{"id":3649,"href":"https:\/\/escuelasanitaria.educacion.navarra.es\/web1\/wp-json\/wp\/v2\/pages\/1041\/revisions\/3649"}],"wp:attachment":[{"href":"https:\/\/escuelasanitaria.educacion.navarra.es\/web1\/wp-json\/wp\/v2\/media?parent=1041"}],"curies":[{"name":"wp","href":"https:\/\/api.w.org\/{rel}","templated":true}]}}