{"id":10274,"date":"2024-04-12T20:09:39","date_gmt":"2024-04-12T18:09:39","guid":{"rendered":"https:\/\/escuelasanitaria.educacion.navarra.es\/web1\/?page_id=10274"},"modified":"2025-11-17T16:59:05","modified_gmt":"2025-11-17T15:59:05","slug":"higiene-bucodental-online","status":"publish","type":"page","link":"https:\/\/escuelasanitaria.educacion.navarra.es\/web1\/higiene-bucodental-online\/","title":{"rendered":"Higiene bucodental online"},"content":{"rendered":"\t\t<div data-elementor-type=\"wp-page\" data-elementor-id=\"10274\" class=\"elementor elementor-10274\" data-elementor-post-type=\"page\">\n\t\t\t\t\t\t\t\t\t<section class=\"elementor-section elementor-top-section elementor-element elementor-element-733a4d9 elementor-section-boxed elementor-section-height-default elementor-section-height-default\" data-id=\"733a4d9\" data-element_type=\"section\">\n\t\t\t\t\t\t<div class=\"elementor-container elementor-column-gap-default\">\n\t\t\t\t\t<div class=\"elementor-column elementor-col-100 elementor-top-column elementor-element elementor-element-f010877\" data-id=\"f010877\" data-element_type=\"column\">\n\t\t\t<div class=\"elementor-widget-wrap elementor-element-populated\">\n\t\t\t\t\t\t\t\t<div class=\"elementor-element elementor-element-af0bbb4 elementor-widget elementor-widget-text-editor\" data-id=\"af0bbb4\" data-element_type=\"widget\" data-widget_type=\"text-editor.default\">\n\t\t\t\t<div class=\"elementor-widget-container\">\n\t\t\t\t\t\t\t<p><img decoding=\"async\" title=\"Higiene Bucodental\" src=\"\/web1\/wp-content\/uploads\/2019\/09\/higiene-bucodental.jpg\" alt=\"\" \/><\/p>\n<p><!-- wp:heading {\"level\":3} --><\/p>\n<h3><strong><span style=\"color: #ce112b;\">T\u00e9cnico de Grado Superior en Higiene Bucodental <\/span><\/strong><\/h3>\n<p><!-- \/wp:heading --><\/p>\n<p><!-- wp:html \/--><\/p>\n<p><!-- wp:html --><\/p>\n<p>Denominaci\u00f3n: <strong>\u201cHigiene Bucodental\u201d<\/strong><br \/>Nivel: <strong>1<\/strong> &#8211; Formaci\u00f3n Profesional de Grado Superior<br \/>Duraci\u00f3n: <strong>2000 horas<\/strong><br \/>Familia Profesional: <strong>Sanidad<\/strong><br \/>Referente europeo: CINE &#8211; 5b (Clasificaci\u00f3n Internacional Normalizada de la Educaci\u00f3n)<br \/>Modalidad: <b>Online<\/b><br \/><a href=\"http:\/\/www.navarra.es\/home_es\/Actualidad\/BON\/Boletines\/2017\/156\/Anuncio-4\/\">Descarga Curr\u00edculo Completo<\/a>\u00a0 \u00a0<br \/><a style=\"background-color: #ffffff; transition-property: all;\" href=\"https:\/\/www.educacion.navarra.es\/documents\/27590\/558252\/DF+110_2024+modificacion+GS.pdf\/a649cf9e-7adf-3c5d-c5ac-eaa602a553a5\" target=\"_blank\" rel=\"noopener\">Adaptaci\u00f3n Ley 3\/2022 (FP DUAL)<\/a><br \/><a href=\"https:\/\/www.todofp.es\/que-estudiar\/loe\/sanidad\/higiente-bucodental.html\" target=\"_blank\" rel=\"noopener noreferrer\">Informaci\u00f3n completa<\/a><br \/><a href=\"https:\/\/escuelasanitaria.educacion.navarra.es\/web1\/oferta-formativa\/ciclos-formativos-de-grado-superior\/higiene-bucodental\/tecnico-de-grado-superior-en-higiene-bucodental\/\">Conocer m\u00e1s<\/a><br \/><a style=\"font-family: var( --e-global-typography-text-font-family ), Sans-serif; font-weight: var( --e-global-typography-text-font-weight ); background-color: #ffffff;\" href=\"https:\/\/escuelasanitaria.educacion.navarra.es\/web1\/wp-content\/uploads\/2025\/06\/Calendarios-sesiones-presenciales-Lab101-2025-2026.xlsx-PrAu-HBD.pdf\" target=\"_blank\" rel=\"noopener\">Calendario sesiones presenciales Primeros Auxilios<\/a><br \/><a style=\"font-family: var( --e-global-typography-text-font-family ), Sans-serif; font-weight: var( --e-global-typography-text-font-weight ); background-color: #ffffff;\" href=\"https:\/\/escuelasanitaria.educacion.navarra.es\/web1\/wp-content\/uploads\/2025\/06\/Calendarios-sesiones-presenciales-GABINETE-DENTAL-2025-2026.xlsx-ExCO-1.pdf\" target=\"_blank\" rel=\"noopener\">Calendario sesiones presenciales ExCO<\/a><br \/><a style=\"font-family: var( --e-global-typography-text-font-family ), Sans-serif; font-weight: var( --e-global-typography-text-font-weight ); background-color: #ffffff;\" href=\"https:\/\/escuelasanitaria.educacion.navarra.es\/web1\/wp-content\/uploads\/2025\/06\/Calendarios-sesiones-presenciales-GABINETE-DENTAL-2025-2026.xlsx-RyL-1.pdf\" target=\"_blank\" rel=\"noopener\">Calendario sesiones presenciales RyL<\/a><br \/><!-- \/wp:html --><\/p>\n<p><!-- wp:heading {\"level\":3} --><\/p>\n<h3><strong>Competencia general<\/strong><\/h3>\n<p><!-- \/wp:heading --><\/p>\n<p><!-- wp:html --><\/p>\n<p>Promover la salud de las personas y de la comunidad mediante el desarrollo de actividades preventivas y t\u00e9cnico-asistenciales que incluyen la exploraci\u00f3n, la evaluaci\u00f3n, la promoci\u00f3n y la realizaci\u00f3n de t\u00e9cnicas odontol\u00f3gicas en colaboraci\u00f3n con el odont\u00f3logo o m\u00e9dico estomat\u00f3logo.<\/p>\n<div class=\"tablaRes\">\n<div class=\"fila\">\n<div class=\"colcabecera\">M\u00f3dulos del Ciclo<\/div>\n<div class=\"colcabecera\">Horas semanales<\/div>\n<div class=\"colcabecera\">Horas totales<\/div>\n<\/div>\n<div class=\"fila\">\n<div class=\"col\"><strong>0020.\u00a0<\/strong>Primeros auxilios<\/div>\n<div class=\"col\">2<\/div>\n<div class=\"col\">70<\/div>\n<\/div>\n<div class=\"fila\">\n<div class=\"col\"><strong>0179.\u00a0<\/strong>Ingl\u00e9s profesional (GS)<\/div>\n<div class=\"col\">2<\/div>\n<div class=\"col\">70<\/div>\n<\/div>\n<div class=\"fila\">\n<div class=\"col\"><strong>0730.\u00a0<\/strong>Recepci\u00f3n y log\u00edstica en la cl\u00ednica dental<\/div>\n<div class=\"col\">3<\/div>\n<div class=\"col\">100<\/div>\n<\/div>\n<div class=\"fila\">\n<div class=\"col\"><strong>0731.\u00a0<\/strong>Estudio de la cavidad oral<\/div>\n<div class=\"col\">6<\/div>\n<div class=\"col\">195<\/div>\n<\/div>\n<div class=\"fila\">\n<div class=\"col\"><strong>0732.\u00a0<\/strong>Exploraci\u00f3n de la cavidad oral<\/div>\n<div class=\"col\">6<\/div>\n<div class=\"col\">195<\/div>\n<\/div>\n<div class=\"fila\">\n<div class=\"col\"><strong>0734.\u00a0<\/strong>Epidemiolog\u00eda en salud oral<\/div>\n<div class=\"col\">4<\/div>\n<div class=\"col\">130<\/div>\n<\/div>\n<div class=\"fila\">\n<div class=\"col\"><strong>1370.\u00a0<\/strong>Fisiopatolog\u00eda general<\/div>\n<div class=\"col\">5<\/div>\n<div class=\"col\">165<\/div>\n<\/div>\n<div class=\"fila\">\n<div class=\"col\"><strong>1709.\u00a0<\/strong>Itinerario personal para la empleabilidad I<\/div>\n<div class=\"col\">3<\/div>\n<div class=\"col\">100<\/div>\n<\/div>\n<\/div>\t\t\t\t\t\t<\/div>\n\t\t\t\t<\/div>\n\t\t\t\t\t<\/div>\n\t\t<\/div>\n\t\t\t\t\t\t\t<\/div>\n\t\t<\/section>\n\t\t\t\t\t\t\t<\/div>\n\t\t","protected":false},"excerpt":{"rendered":"<p>T\u00e9cnico de Grado Superior en Higiene Bucodental Denominaci\u00f3n: \u201cHigiene Bucodental\u201dNivel: 1 &#8211; Formaci\u00f3n Profesional de Grado SuperiorDuraci\u00f3n: 2000 horasFamilia Profesional: SanidadReferente europeo: CINE &#8211; 5b (Clasificaci\u00f3n Internacional Normalizada de la Educaci\u00f3n)Modalidad: OnlineDescarga Curr\u00edculo Completo\u00a0 \u00a0Adaptaci\u00f3n Ley 3\/2022 (FP DUAL)Informaci\u00f3n completaConocer m\u00e1sCalendario sesiones presenciales Primeros AuxiliosCalendario sesiones presenciales ExCOCalendario sesiones presenciales RyL Competencia general Promover la [&hellip;]<\/p>\n","protected":false},"author":3,"featured_media":0,"parent":0,"menu_order":0,"comment_status":"closed","ping_status":"closed","template":"","meta":{"_genesis_hide_title":false,"_genesis_hide_breadcrumbs":false,"_genesis_hide_singular_image":false,"_genesis_hide_footer_widgets":false,"_genesis_custom_body_class":"","_genesis_custom_post_class":"","_genesis_layout":"","footnotes":""},"_links":{"self":[{"href":"https:\/\/escuelasanitaria.educacion.navarra.es\/web1\/wp-json\/wp\/v2\/pages\/10274"}],"collection":[{"href":"https:\/\/escuelasanitaria.educacion.navarra.es\/web1\/wp-json\/wp\/v2\/pages"}],"about":[{"href":"https:\/\/escuelasanitaria.educacion.navarra.es\/web1\/wp-json\/wp\/v2\/types\/page"}],"author":[{"embeddable":true,"href":"https:\/\/escuelasanitaria.educacion.navarra.es\/web1\/wp-json\/wp\/v2\/users\/3"}],"replies":[{"embeddable":true,"href":"https:\/\/escuelasanitaria.educacion.navarra.es\/web1\/wp-json\/wp\/v2\/comments?post=10274"}],"version-history":[{"count":43,"href":"https:\/\/escuelasanitaria.educacion.navarra.es\/web1\/wp-json\/wp\/v2\/pages\/10274\/revisions"}],"predecessor-version":[{"id":12418,"href":"https:\/\/escuelasanitaria.educacion.navarra.es\/web1\/wp-json\/wp\/v2\/pages\/10274\/revisions\/12418"}],"wp:attachment":[{"href":"https:\/\/escuelasanitaria.educacion.navarra.es\/web1\/wp-json\/wp\/v2\/media?parent=10274"}],"curies":[{"name":"wp","href":"https:\/\/api.w.org\/{rel}","templated":true}]}}