{"id":5210,"date":"2020-09-16T11:41:18","date_gmt":"2020-09-16T09:41:18","guid":{"rendered":"https:\/\/escuelasanitaria.educacion.navarra.es\/crn\/?page_id=5210"},"modified":"2020-12-10T12:01:43","modified_gmt":"2020-12-10T11:01:43","slug":"formulario-de-inscripcion-ptf-1-2020","status":"publish","type":"page","link":"https:\/\/escuelasanitaria.educacion.navarra.es\/crn\/formulario-de-inscripcion-ptf-1-2020\/","title":{"rendered":"Formulario de inscripci\u00f3n PTF 1\/2020"},"content":{"rendered":"<h3 style=\"text-align: center;\">El t\u00e9cnico de auxiliar de enfermer\u00eda en cuidados paliativos<\/h3>\n<p style=\"text-align: center;\">2 y 3 de octubre de 2020. Escuela Sanitaria T\u00e9cnico Profesional de Navarra-ESTNA<\/p>\n<p style=\"text-align: center;\">Lo sentimos, la inscripci\u00f3n est\u00e1 cerrada<\/p>\n<p style=\"text-align: center;\">Si desea recibir informaci\u00f3n sobre pr\u00f3ximos cursos, suscr\u00edbase a nuestro <a href=\"https:\/\/escuelasanitaria.educacion.navarra.es\/crn\/\" target=\"_blank\" rel=\"noopener noreferrer\">Bolet\u00edn de noticias<\/a><\/p>\n\n\n<p><\/p>\n","protected":false},"excerpt":{"rendered":"<p>Plan de Perfeccionamiento T\u00e9cnico para Formadores<\/p>\n","protected":false},"author":1,"featured_media":0,"parent":0,"menu_order":0,"comment_status":"closed","ping_status":"closed","template":"","meta":{"_genesis_hide_title":false,"_genesis_hide_breadcrumbs":false,"_genesis_hide_singular_image":false,"_genesis_hide_footer_widgets":false,"_genesis_custom_body_class":"","_genesis_custom_post_class":"","_genesis_layout":""},"_links":{"self":[{"href":"https:\/\/escuelasanitaria.educacion.navarra.es\/crn\/wp-json\/wp\/v2\/pages\/5210"}],"collection":[{"href":"https:\/\/escuelasanitaria.educacion.navarra.es\/crn\/wp-json\/wp\/v2\/pages"}],"about":[{"href":"https:\/\/escuelasanitaria.educacion.navarra.es\/crn\/wp-json\/wp\/v2\/types\/page"}],"author":[{"embeddable":true,"href":"https:\/\/escuelasanitaria.educacion.navarra.es\/crn\/wp-json\/wp\/v2\/users\/1"}],"replies":[{"embeddable":true,"href":"https:\/\/escuelasanitaria.educacion.navarra.es\/crn\/wp-json\/wp\/v2\/comments?post=5210"}],"version-history":[{"count":6,"href":"https:\/\/escuelasanitaria.educacion.navarra.es\/crn\/wp-json\/wp\/v2\/pages\/5210\/revisions"}],"predecessor-version":[{"id":5912,"href":"https:\/\/escuelasanitaria.educacion.navarra.es\/crn\/wp-json\/wp\/v2\/pages\/5210\/revisions\/5912"}],"wp:attachment":[{"href":"https:\/\/escuelasanitaria.educacion.navarra.es\/crn\/wp-json\/wp\/v2\/media?parent=5210"}],"curies":[{"name":"wp","href":"https:\/\/api.w.org\/{rel}","templated":true}]}}