{"id":4914,"date":"2018-09-28T12:50:28","date_gmt":"2018-09-28T10:50:28","guid":{"rendered":"https:\/\/escuelasanitaria.educacion.navarra.es\/crn\/?page_id=4914"},"modified":"2018-10-29T08:10:00","modified_gmt":"2018-10-29T07:10:00","slug":"formulario-de-inscripcion-2","status":"publish","type":"page","link":"https:\/\/escuelasanitaria.educacion.navarra.es\/crn\/eventos\/formulario-de-inscripcion-2\/","title":{"rendered":"Formulario de inscripci\u00f3n"},"content":{"rendered":"<h3 style=\"text-align: center;\">Jornada t\u00e9cnica sobre Nuevos avances en Periodoncia<\/h3>\n<p style=\"text-align: center;\">13, 14 y 15 de noviembre de 2018. Pamplona (Navarra)<\/p>\n<p style=\"text-align: center;\">CI Escuela Sanitaria T\u00e9cnico Profesional de Navarra<\/p>\n<p style=\"text-align: center;\">Lo sentimos, la inscripci\u00f3n se ha cerrado por haberse cubierto ya el n\u00famero de plazas disponibles<\/p>\n<p style=\"text-align: center;\">Si desea que le informemos de pr\u00f3ximas Jornadas env\u00ede un correo a <strong>crn.escuelasanitaria@educacion.navarra.es<\/strong> para que le incluyamos en nuestros Boletines de noticias<\/p>\n<p>&nbsp;<\/p>\n","protected":false},"excerpt":{"rendered":"<p>Jornada t\u00e9cnica sobre Nuevos avances en Periodoncia 13, 14 y 15 de noviembre de 2018. Pamplona (Navarra) CI Escuela Sanitaria T\u00e9cnico Profesional de Navarra Lo sentimos, la inscripci\u00f3n se ha cerrado por haberse cubierto ya el n\u00famero de plazas disponibles Si desea que le informemos de pr\u00f3ximas Jornadas env\u00ede un correo a crn.escuelasanitaria@educacion.navarra.es para que&hellip; <a href=\"https:\/\/escuelasanitaria.educacion.navarra.es\/crn\/eventos\/formulario-de-inscripcion-2\/\" class=\"more-link\">Read more <span class=\"screen-reader-text\">about Formulario de inscripci\u00f3n<\/span><\/a><\/p>\n","protected":false},"author":1,"featured_media":0,"parent":1891,"menu_order":0,"comment_status":"closed","ping_status":"closed","template":"","meta":{"_genesis_hide_title":false,"_genesis_hide_breadcrumbs":false,"_genesis_hide_singular_image":false,"_genesis_hide_footer_widgets":false,"_genesis_custom_body_class":"","_genesis_custom_post_class":"","_genesis_layout":""},"_links":{"self":[{"href":"https:\/\/escuelasanitaria.educacion.navarra.es\/crn\/wp-json\/wp\/v2\/pages\/4914"}],"collection":[{"href":"https:\/\/escuelasanitaria.educacion.navarra.es\/crn\/wp-json\/wp\/v2\/pages"}],"about":[{"href":"https:\/\/escuelasanitaria.educacion.navarra.es\/crn\/wp-json\/wp\/v2\/types\/page"}],"author":[{"embeddable":true,"href":"https:\/\/escuelasanitaria.educacion.navarra.es\/crn\/wp-json\/wp\/v2\/users\/1"}],"replies":[{"embeddable":true,"href":"https:\/\/escuelasanitaria.educacion.navarra.es\/crn\/wp-json\/wp\/v2\/comments?post=4914"}],"version-history":[{"count":9,"href":"https:\/\/escuelasanitaria.educacion.navarra.es\/crn\/wp-json\/wp\/v2\/pages\/4914\/revisions"}],"predecessor-version":[{"id":5050,"href":"https:\/\/escuelasanitaria.educacion.navarra.es\/crn\/wp-json\/wp\/v2\/pages\/4914\/revisions\/5050"}],"up":[{"embeddable":true,"href":"https:\/\/escuelasanitaria.educacion.navarra.es\/crn\/wp-json\/wp\/v2\/pages\/1891"}],"wp:attachment":[{"href":"https:\/\/escuelasanitaria.educacion.navarra.es\/crn\/wp-json\/wp\/v2\/media?parent=4914"}],"curies":[{"name":"wp","href":"https:\/\/api.w.org\/{rel}","templated":true}]}}