{"id":4850,"date":"2018-09-18T16:57:52","date_gmt":"2018-09-18T14:57:52","guid":{"rendered":"https:\/\/escuelasanitaria.educacion.navarra.es\/crn\/?page_id=4850"},"modified":"2018-10-29T14:13:28","modified_gmt":"2018-10-29T13:13:28","slug":"4850-2","status":"publish","type":"page","link":"https:\/\/escuelasanitaria.educacion.navarra.es\/crn\/formacion\/4850-2\/","title":{"rendered":"Cursos innovadores de \u00e1mbito nacional para desempleados 2\/2018"},"content":{"rendered":"<div class=\"su-row\"><div class=\"su-column su-column-size-1-4\"><div class=\"su-column-inner su-u-clearfix su-u-trim\"><img loading=\"lazy\" class=\"alignnone size-full wp-image-4669\" src=\"https:\/\/escuelasanitaria.educacion.navarra.es\/crn\/wp-content\/uploads\/2018\/06\/Cursos-CRN.png\" alt=\"\" width=\"242\" height=\"242\" srcset=\"https:\/\/escuelasanitaria.educacion.navarra.es\/crn\/wp-content\/uploads\/2018\/06\/Cursos-CRN.png 242w, https:\/\/escuelasanitaria.educacion.navarra.es\/crn\/wp-content\/uploads\/2018\/06\/Cursos-CRN-150x150.png 150w\" sizes=\"(max-width: 242px) 100vw, 242px\" \/><\/div><\/div> <div class=\"su-column su-column-size-3-4\"><div class=\"su-column-inner su-u-clearfix su-u-trim\">\n<h3><span style=\"color: #4fa700;\">Elaboraci\u00f3n de coronas y puentes exentos de metal mediante utilizaci\u00f3n de disilicato de litio utilizando t\u00e9cnicas de inyecci\u00f3n y fresado<\/span><\/h3>\n<p><b>Descripci\u00f3n:<\/b> Curso destinado a la actualizaci\u00f3n y el perfeccionamiento t\u00e9cnico de personas preferentemente desempleadas en el \u00e1rea profesional de las Pr\u00f3tesis Dentales. Con este curso se pretende aprender a confeccionar coronas y puentes dentales libres de metal mediante la utilizaci\u00f3n de cer\u00e1micas v\u00edtreas de disilicato de litio, utilizando para su fabricaci\u00f3n las t\u00e9cnicas de inyecci\u00f3n de cer\u00e1mica y de fresado.<\/p>\n<p><b>Requisitos: <\/b>nivel acad\u00e9mico: personas con la titulaci\u00f3n de T\u00e9cnico Superior en Pr\u00f3tesis Dentales o T\u00e9cnico Especialista en Pr\u00f3tesis Dental.<b><br \/>\n<\/b><\/p>\n<p><b>Formaci\u00f3n dirigida preferentemente para personas desempleadas.<\/b><b><br \/>\n<\/b><\/p>\n<p><b>Familia profesional:<\/b> Sanidad<\/p>\n<p><b>Duraci\u00f3n:<\/b> 20 horas (primera fase de teleformaci\u00f3n: 12 horas, segunda fase presencial: 8 horas)<\/p>\n<p><strong>Contenidos:<\/strong> Propiedades del disilicato de litio. Tipos de pastillas y t\u00e9cnicas. Modelado. Colocaci\u00f3n de bebederos. Tipos y tama\u00f1os de cilindros. Revestimientos. Precalentamiento. Inyecci\u00f3n. Retirada del revestimiento. Escaneado, dise\u00f1o y fresado. Ajuste y repasado. Estratificaci\u00f3n.<\/p>\n<p><b>Fecha de inicio:<\/b> 29\/10\/2018 (fase de teleformaci\u00f3n)<\/p>\n<p><strong>Fecha de finalizaci\u00f3n<\/strong>: 14\/11\/2018<\/p>\n<p><b>Fechas de las sesiones presenciales:<\/b> 13\/11\/2018 y 14\/11\/2018<\/p>\n<p><b>Horario:<\/b> de 16:00 a 20:00<\/p>\n<p><strong>Ponentes<\/strong>:<\/p>\n<p>Fase de teleformaci\u00f3n: Francisco Javier Iriarte Valencia. Prot\u00e9sico Dental. Profesor del departamento de Pr\u00f3tesis dentales de la ESTNA.<\/p>\n<p>Fase presencial: Ra\u00fal Marco Go\u00f1i. Prot\u00e9sico dental con 26 a\u00f1os de experiencia. Especialista en Modelado.<\/p>\n<p><b>Organiza:<\/b> Centro de Referencia Nacional de Servicios, productos y atenci\u00f3n sanitaria. Escuela Sanitaria T\u00e9cnico Profesional de Navarra-ESTNA<\/p>\n<p><b>Lugar de impartici\u00f3n:<\/b> Escuela Sanitaria T\u00e9cnico Profesional de Navarra-ESTNA<\/p>\n<p><b>Direcci\u00f3n: <\/b>C\/ Irunlarrea 3.<\/p>\n<p>Inscripci\u00f3n cerrada<\/p>\n<\/div><\/div> <\/div>\n","protected":false},"excerpt":{"rendered":"","protected":false},"author":1,"featured_media":0,"parent":2264,"menu_order":0,"comment_status":"closed","ping_status":"closed","template":"","meta":{"_genesis_hide_title":false,"_genesis_hide_breadcrumbs":false,"_genesis_hide_singular_image":false,"_genesis_hide_footer_widgets":false,"_genesis_custom_body_class":"","_genesis_custom_post_class":"","_genesis_layout":""},"_links":{"self":[{"href":"https:\/\/escuelasanitaria.educacion.navarra.es\/crn\/wp-json\/wp\/v2\/pages\/4850"}],"collection":[{"href":"https:\/\/escuelasanitaria.educacion.navarra.es\/crn\/wp-json\/wp\/v2\/pages"}],"about":[{"href":"https:\/\/escuelasanitaria.educacion.navarra.es\/crn\/wp-json\/wp\/v2\/types\/page"}],"author":[{"embeddable":true,"href":"https:\/\/escuelasanitaria.educacion.navarra.es\/crn\/wp-json\/wp\/v2\/users\/1"}],"replies":[{"embeddable":true,"href":"https:\/\/escuelasanitaria.educacion.navarra.es\/crn\/wp-json\/wp\/v2\/comments?post=4850"}],"version-history":[{"count":12,"href":"https:\/\/escuelasanitaria.educacion.navarra.es\/crn\/wp-json\/wp\/v2\/pages\/4850\/revisions"}],"predecessor-version":[{"id":5052,"href":"https:\/\/escuelasanitaria.educacion.navarra.es\/crn\/wp-json\/wp\/v2\/pages\/4850\/revisions\/5052"}],"up":[{"embeddable":true,"href":"https:\/\/escuelasanitaria.educacion.navarra.es\/crn\/wp-json\/wp\/v2\/pages\/2264"}],"wp:attachment":[{"href":"https:\/\/escuelasanitaria.educacion.navarra.es\/crn\/wp-json\/wp\/v2\/media?parent=4850"}],"curies":[{"name":"wp","href":"https:\/\/api.w.org\/{rel}","templated":true}]}}