{"id":3642,"date":"2018-04-19T10:56:32","date_gmt":"2018-04-19T08:56:32","guid":{"rendered":"https:\/\/escuelasanitaria.educacion.navarra.es\/crn\/?page_id=3642"},"modified":"2018-04-22T11:51:50","modified_gmt":"2018-04-22T09:51:50","slug":"politica-de-privacidad","status":"publish","type":"page","link":"https:\/\/escuelasanitaria.educacion.navarra.es\/crn\/politica-de-privacidad\/","title":{"rendered":"Pol\u00edtica de privacidad"},"content":{"rendered":"<h1>P\u00f3litica de privacidad<\/h1>\n<p>Este documento regula el uso del servicio que ESTNA facilita a los usuarios de Internet. La utilizaci\u00f3n de este sitio web supone la aceptaci\u00f3n de dichas condiciones, que en cualquier momento podr\u00e1n ser modificadas por ESTNA.<\/p>\n<h4>PROTECCI\u00d3N DE DATOS<\/h4>\n<p>ESTNA se compromete a tratar todos los datos facilitados por los visitantes de su sitio web en internet con total confidencialidad.<\/p>\n<p>Cualquier dato ser\u00e1 incluido en un fichero conservado con la debida confidencialidad y seguridad conforme a la Ley Org\u00e1nica 15\/1999, de 13 de diciembre.<\/p>\n<p>El usuario podr\u00e1 en todo momento acceder a sus datos, modificarlos o cancelarlos, y esto lo podr\u00e1 hacer mediante correo electr\u00f3nico a <a href=\"mailTo:escuela.sanitaria@educacion.navarra.es\">crn.escuelasanitaria@educacion.navarra.es<\/a><\/p>\n<h4>PROPIEDAD INTELECTUAL<\/h4>\n<p>Este sitio web y sus contenidos se encuentran protegidos por las leyes espa\u00f1olas e internacionales sobre propiedad Intelectual e Industrial..<\/p>\n<h4>INFORMACI\u00d3N LEY 34\/2002<\/h4>\n<p>En cumplimiento con lo establecido en la Ley 34\/2002, de 11 de julio, de Servicios de la Sociedad de la Informaci\u00f3n, los datos de informaci\u00f3n general de este sitio web son:<\/p>\n<ul>\n<li>CI Escuela Sanitaria T\u00e9cnico Prefesional de Navarra-ESTNA<\/li>\n<li>C\/Irunlarrea 3 (Recinto Hospital de Navarra) \u2013 31008 Pamplona<\/li>\n<li>Correo electr\u00f3nico: <a href=\"mailTo:escuela.sanitaria@educacion.navarra.es\">escuela.sanitaria@educacion.navarra.es<\/a><\/li>\n<\/ul>\n<h4>INFORMACI\u00d3N REFERENTE AL USO DE LA DIRECCI\u00d3N DE CONTACTO OFRECIDA EN LA P\u00c1GINA WEB<\/h4>\n<p>El env\u00edo de un correo electr\u00f3nico utilizando las direcciones de contacto que aparecen en la p\u00e1gina implica el consentimiento expreso del usuario para el uso por ESTNA, de su direcci\u00f3n de correo electr\u00f3nico con el fin de dar respuesta a su consulta mediante el env\u00edo de correo electr\u00f3nico as\u00ed como, en su caso, para darle una respuesta por otro medio de comunicaci\u00f3n electr\u00f3nica equivalente al correo electr\u00f3nico.<\/p>\n","protected":false},"excerpt":{"rendered":"<p>P\u00f3litica de privacidad Este documento regula el uso del servicio que ESTNA facilita a los usuarios de Internet. La utilizaci\u00f3n de este sitio web supone la aceptaci\u00f3n de dichas condiciones, que en cualquier momento podr\u00e1n ser modificadas por ESTNA. PROTECCI\u00d3N DE DATOS ESTNA se compromete a tratar todos los datos facilitados por los visitantes de&hellip; <a href=\"https:\/\/escuelasanitaria.educacion.navarra.es\/crn\/politica-de-privacidad\/\" class=\"more-link\">Read more <span class=\"screen-reader-text\">about Pol\u00edtica de privacidad<\/span><\/a><\/p>\n","protected":false},"author":1,"featured_media":0,"parent":0,"menu_order":0,"comment_status":"closed","ping_status":"closed","template":"","meta":{"_genesis_hide_title":false,"_genesis_hide_breadcrumbs":false,"_genesis_hide_singular_image":false,"_genesis_hide_footer_widgets":false,"_genesis_custom_body_class":"","_genesis_custom_post_class":"","_genesis_layout":""},"_links":{"self":[{"href":"https:\/\/escuelasanitaria.educacion.navarra.es\/crn\/wp-json\/wp\/v2\/pages\/3642"}],"collection":[{"href":"https:\/\/escuelasanitaria.educacion.navarra.es\/crn\/wp-json\/wp\/v2\/pages"}],"about":[{"href":"https:\/\/escuelasanitaria.educacion.navarra.es\/crn\/wp-json\/wp\/v2\/types\/page"}],"author":[{"embeddable":true,"href":"https:\/\/escuelasanitaria.educacion.navarra.es\/crn\/wp-json\/wp\/v2\/users\/1"}],"replies":[{"embeddable":true,"href":"https:\/\/escuelasanitaria.educacion.navarra.es\/crn\/wp-json\/wp\/v2\/comments?post=3642"}],"version-history":[{"count":10,"href":"https:\/\/escuelasanitaria.educacion.navarra.es\/crn\/wp-json\/wp\/v2\/pages\/3642\/revisions"}],"predecessor-version":[{"id":3844,"href":"https:\/\/escuelasanitaria.educacion.navarra.es\/crn\/wp-json\/wp\/v2\/pages\/3642\/revisions\/3844"}],"wp:attachment":[{"href":"https:\/\/escuelasanitaria.educacion.navarra.es\/crn\/wp-json\/wp\/v2\/media?parent=3642"}],"curies":[{"name":"wp","href":"https:\/\/api.w.org\/{rel}","templated":true}]}}