{"id":1537,"date":"2017-12-15T09:53:52","date_gmt":"2017-12-15T08:53:52","guid":{"rendered":"https:\/\/escuelasanitaria.educacion.navarra.es\/crn\/?page_id=1537"},"modified":"2018-04-24T17:39:24","modified_gmt":"2018-04-24T15:39:24","slug":"mapa","status":"publish","type":"page","link":"https:\/\/escuelasanitaria.educacion.navarra.es\/crn\/mapa\/","title":{"rendered":"Mapa de centros"},"content":{"rendered":"<style>\r\n\t#wpsl-stores .wpsl-store-thumb {height:45px !important; width:45px !important;}\r\n\t#wpsl-stores, #wpsl-direction-details, #wpsl-gmap {height:500px !important;}\r\n\t#wpsl-gmap .wpsl-info-window {max-width:225px !important;}\r\n\t.wpsl-input label, #wpsl-radius label, #wpsl-category label {width:95px;}\r\n\t#wpsl-search-input ,#wpsl-category .wpsl-dropdown {width:179px;}\r\n<\/style>\r\n<div id=\"wpsl-wrap\">\r\n\t<div class=\"wpsl-search wpsl-clearfix wpsl-filter\">\r\n\t\t<div id=\"wpsl-search-wrap\">\r\n\t\t\t<form autocomplete=\"off\">\r\n\t\t\t<div class=\"wpsl-input\">\r\n\t\t\t\t<div><label for=\"wpsl-search-input\">Tu ubicaci\u00f3n<\/label><\/div>\r\n\t\t\t\t<input id=\"wpsl-search-input\" type=\"text\" value=\"\" name=\"wpsl-search-input\" placeholder=\"\" aria-required=\"true\" \/>\r\n\t\t\t<\/div>\r\n\t\t\t<div class=\"wpsl-select-wrap\">\r\n\t\t\t\t<div id=\"wpsl-radius\">\r\n\t\t\t\t\t<label for=\"wpsl-radius-dropdown\">Radio de b\u00fasqueda<\/label>\r\n\t\t\t\t\t<select id=\"wpsl-radius-dropdown\" class=\"wpsl-dropdown\" name=\"wpsl-radius\">\r\n\t\t\t\t\t\t<option value=\"10\">10 km<\/option><option value=\"25\">25 km<\/option><option selected=\"selected\" value=\"50\">50 km<\/option><option value=\"100\">100 km<\/option><option value=\"200\">200 km<\/option><option value=\"500\">500 km<\/option>\r\n\t\t\t\t\t<\/select>\r\n\t\t\t\t<\/div>\r\n\t\t\t\t<div id=\"wpsl-results\">\r\n\t\t\t\t\t<label for=\"wpsl-results-dropdown\">Resultados<\/label>\r\n\t\t\t\t\t<select id=\"wpsl-results-dropdown\" class=\"wpsl-dropdown\" name=\"wpsl-results\">\r\n\t\t\t\t\t\t<option selected=\"selected\" value=\"25\">25<\/option><option value=\"50\">50<\/option><option value=\"75\">75<\/option><option value=\"100\">100<\/option>\r\n\t\t\t\t\t<\/select>\r\n\t\t\t\t<\/div>\r\n\t\t\t<\/div>\r\n<div id=\"wpsl-category\">\r\n<label for=\"wpsl-category-list\">Filtro por categor\u00eda<\/label>\r\n<select  name='wpsl-category' id='wpsl-category-list' class='wpsl-dropdown' >\n\t<option value='0'>Cualquiera<\/option>\n\t<option class=\"level-0\" value=\"30\">Anatom\u00eda Patol\u00f3gica y Citodiagn\u00f3stico<\/option>\n\t<option class=\"level-0\" value=\"36\">Cuidados Auxiliares de Enfermer\u00eda<\/option>\n\t<option class=\"level-0\" value=\"46\">Documentaci\u00f3n y Administraci\u00f3n Sanitarias<\/option>\n\t<option class=\"level-0\" value=\"35\">Emergencias Sanitarias<\/option>\n\t<option class=\"level-0\" value=\"47\">Farmacia y Parafarmacia<\/option>\n\t<option class=\"level-0\" value=\"37\">Higiene Bucodental<\/option>\n\t<option class=\"level-0\" value=\"39\">Imagen para el Diagn\u00f3stico y Medicina Nuclear<\/option>\n\t<option class=\"level-0\" value=\"40\">Laboratorio Cl\u00ednico y Biom\u00e9dico<\/option>\n\t<option class=\"level-0\" value=\"51\">Ortopr\u00f3tesis y Productos de Apoyo<\/option>\n\t<option class=\"level-0\" value=\"34\">Pr\u00f3tesis Dentales<\/option>\n\t<option class=\"level-0\" value=\"48\">Radioterapia y Dosimetr\u00eda<\/option>\n\t<option class=\"level-0\" value=\"52\">Salud Ambiental<\/option>\n<\/select>\n<\/div>\r\n\t\t\t\t<div class=\"wpsl-search-btn-wrap\"><input id=\"wpsl-search-btn\" type=\"submit\" value=\"Buscar\"><\/div>\r\n\t\t<\/form>\r\n\t\t<\/div>\r\n\t<\/div>\r\n\t<div id=\"wpsl-gmap\" class=\"wpsl-gmap-canvas\"><\/div>\r\n\t<div id=\"wpsl-result-list\">\r\n\t\t<div id=\"wpsl-stores\" >\r\n\t\t\t<ul><\/ul>\r\n\t\t<\/div>\r\n\t\t<div id=\"wpsl-direction-details\">\r\n\t\t\t<ul><\/ul>\r\n\t\t<\/div>\r\n\t<\/div>\r\n<\/div>\r\n\n","protected":false},"excerpt":{"rendered":"<p>Utiliza nuestro buscador de centros para encontrar d\u00f3nde estudiar Formaci\u00f3n Profesional de la familia de Sanidad en Espa\u00f1a, con su direcci\u00f3n y descripci\u00f3n, para que puedas contactar con el que desees.<\/p>\n","protected":false},"author":1,"featured_media":0,"parent":0,"menu_order":0,"comment_status":"closed","ping_status":"closed","template":"","meta":{"_genesis_hide_title":false,"_genesis_hide_breadcrumbs":false,"_genesis_hide_singular_image":false,"_genesis_hide_footer_widgets":false,"_genesis_custom_body_class":"","_genesis_custom_post_class":"","_genesis_layout":""},"_links":{"self":[{"href":"https:\/\/escuelasanitaria.educacion.navarra.es\/crn\/wp-json\/wp\/v2\/pages\/1537"}],"collection":[{"href":"https:\/\/escuelasanitaria.educacion.navarra.es\/crn\/wp-json\/wp\/v2\/pages"}],"about":[{"href":"https:\/\/escuelasanitaria.educacion.navarra.es\/crn\/wp-json\/wp\/v2\/types\/page"}],"author":[{"embeddable":true,"href":"https:\/\/escuelasanitaria.educacion.navarra.es\/crn\/wp-json\/wp\/v2\/users\/1"}],"replies":[{"embeddable":true,"href":"https:\/\/escuelasanitaria.educacion.navarra.es\/crn\/wp-json\/wp\/v2\/comments?post=1537"}],"version-history":[{"count":2,"href":"https:\/\/escuelasanitaria.educacion.navarra.es\/crn\/wp-json\/wp\/v2\/pages\/1537\/revisions"}],"predecessor-version":[{"id":4206,"href":"https:\/\/escuelasanitaria.educacion.navarra.es\/crn\/wp-json\/wp\/v2\/pages\/1537\/revisions\/4206"}],"wp:attachment":[{"href":"https:\/\/escuelasanitaria.educacion.navarra.es\/crn\/wp-json\/wp\/v2\/media?parent=1537"}],"curies":[{"name":"wp","href":"https:\/\/api.w.org\/{rel}","templated":true}]}}